{"id":8,"date":"2019-09-09T11:07:11","date_gmt":"2019-09-09T11:07:11","guid":{"rendered":"https:\/\/themes.muffingroup.com\/be\/hosting3\/?page_id=8"},"modified":"2025-11-10T22:36:54","modified_gmt":"2025-11-10T21:36:54","slug":"about-us","status":"publish","type":"page","link":"https:\/\/www.pulseroom.io\/vi\/about-us\/","title":{"rendered":"Gi\u1edbi thi\u1ec7u v\u1ec1 ch\u00fang t\u00f4i"},"content":{"rendered":"<div data-elementor-type=\"wp-page\" data-elementor-id=\"8\" class=\"elementor elementor-8\" data-elementor-post-type=\"page\">\n\t\t\t\t\t\t<section class=\"elementor-section elementor-top-section elementor-element elementor-element-455d67c elementor-section-stretched elementor-section-boxed elementor-section-height-default elementor-section-height-default\" data-id=\"455d67c\" data-element_type=\"section\" data-settings=\"{&quot;stretch_section&quot;:&quot;section-stretched&quot;,&quot;background_background&quot;:&quot;classic&quot;}\">\n\t\t\t\t\t\t<div class=\"elementor-container elementor-column-gap-wider\">\n\t\t\t\t\t<div class=\"elementor-column elementor-col-100 elementor-top-column elementor-element elementor-element-2dff1bf\" data-id=\"2dff1bf\" data-element_type=\"column\">\n\t\t\t<div class=\"elementor-widget-wrap elementor-element-populated\">\n\t\t\t\t\t\t<section class=\"elementor-section elementor-inner-section elementor-element elementor-element-4156551 elementor-section-boxed elementor-section-height-default elementor-section-height-default\" data-id=\"4156551\" data-element_type=\"section\">\n\t\t\t\t\t\t<div class=\"elementor-container elementor-column-gap-default\">\n\t\t\t\t\t<div class=\"elementor-column elementor-col-100 elementor-inner-column elementor-element elementor-element-be685f7\" data-id=\"be685f7\" data-element_type=\"column\">\n\t\t\t<div class=\"elementor-widget-wrap elementor-element-populated\">\n\t\t\t\t\t\t<div class=\"elementor-element elementor-element-4df0585 elementor-widget elementor-widget-text-editor\" data-id=\"4df0585\" data-element_type=\"widget\" data-widget_type=\"text-editor.default\">\n\t\t\t\t\t\t\t\t\t<h1><span style=\"color: #ffffff;\">V\u00e0i l\u1eddi<\/span> <span class=\"themecolor\" style=\"border-bottom: 4px solid #d0098d;\">V\u1ec1<br \/>ng\u01b0\u1eddi s\u00e1ng l\u1eadp v\u00e0 c\u00f4ng ty c\u1ee7a ch\u00fang t\u00f4i<\/span><\/h1>\t\t\t\t\t\t\t\t<\/div>\n\t\t\t\t\t<\/div>\n\t\t<\/div>\n\t\t\t\t\t<\/div>\n\t\t<\/section>\n\t\t\t\t\t<\/div>\n\t\t<\/div>\n\t\t\t\t\t<\/div>\n\t\t<\/section>\n\t\t<div class=\"elementor-element elementor-element-6d799ad e-con-full e-flex e-con e-parent\" data-id=\"6d799ad\" data-element_type=\"container\">\n\t\t\t\t<div class=\"elementor-element elementor-element-ad226ca elementor-widget elementor-widget-html\" data-id=\"ad226ca\" data-element_type=\"widget\" data-widget_type=\"html.default\">\n\t\t\t\t\t<style>\n  .about-container {\n    max-width: 1200px;\n    margin: 0 auto;\n    padding: 40px 20px;\n    font-family: -apple-system, BlinkMacSystemFont, 'Segoe UI', Roboto, Oxygen, Ubuntu, Cantarell, sans-serif;\n    line-height: 1.8;\n    color: #333;\n  }\n  \n  .about-hero {\n    font-size: 28px;\n    font-weight: 700;\n    line-height: 1.4;\n    margin-bottom: 40px;\n    color: #1a1a1a;\n    border-left: 5px solid #7c3aed;\n    padding-left: 25px;\n    font-style: italic;\n  }\n  \n  .about-section {\n    margin-bottom: 50px;\n  }\n  \n  .about-section h2 {\n    font-size: 32px;\n    font-weight: 700;\n    margin-bottom: 20px;\n    color: #1a1a1a;\n    position: relative;\n    padding-bottom: 15px;\n  }\n  \n  .about-section h2:after {\n    content: '';\n    position: absolute;\n    bottom: 0;\n    left: 0;\n    width: 60px;\n    height: 4px;\n    background: linear-gradient(90deg, #7c3aed, #ec4899);\n    border-radius: 2px;\n  }\n  \n  .about-section p {\n    font-size: 18px;\n    margin-bottom: 20px;\n    color: #4a5568;\n  }\n  \n  .quote-block {\n    background: linear-gradient(135deg, #667eea 0%, #764ba2 100%);\n    color: white;\n    padding: 30px 40px;\n    border-radius: 12px;\n    margin: 40px 0;\n    font-size: 20px;\n    font-style: italic;\n    line-height: 1.6;\n    box-shadow: 0 10px 30px rgba(0,0,0,0.1);\n  }\n  \n  .quote-block p {\n    color: white;\n    margin: 0;\n  }\n  \n  .stats-grid {\n    display: grid;\n    grid-template-columns: repeat(auto-fit, minmax(250px, 1fr));\n    gap: 30px;\n    margin: 40px 0;\n  }\n  \n  .stat-card {\n    background: linear-gradient(135deg, #f5f7fa 0%, #c3cfe2 100%);\n    padding: 30px;\n    border-radius: 12px;\n    text-align: center;\n    box-shadow: 0 5px 15px rgba(0,0,0,0.08);\n    transition: transform 0.3s ease;\n  }\n  \n  .stat-card:hover {\n    transform: translateY(-5px);\n  }\n  \n  .stat-number {\n    font-size: 48px;\n    font-weight: 800;\n    color: #7c3aed;\n    margin-bottom: 10px;\n    display: block;\n  }\n  \n  .stat-label {\n    font-size: 16px;\n    color: #4a5568;\n    font-weight: 600;\n  }\n  \n  .feature-list {\n    display: grid;\n    grid-template-columns: repeat(auto-fit, minmax(280px, 1fr));\n    gap: 25px;\n    margin: 30px 0;\n  }\n  \n  .feature-item {\n    background: white;\n    padding: 25px;\n    border-radius: 10px;\n    border-left: 4px solid #7c3aed;\n    box-shadow: 0 3px 10px rgba(0,0,0,0.05);\n  }\n  \n  .feature-item strong {\n    color: #7c3aed;\n    font-size: 18px;\n    display: block;\n    margin-bottom: 8px;\n  }\n  \n  .founder-card {\n    background: linear-gradient(135deg, #667eea 0%, #764ba2 100%);\n    color: white;\n    padding: 40px;\n    border-radius: 15px;\n    margin: 40px 0;\n    display: flex;\n    align-items: center;\n    gap: 30px;\n    box-shadow: 0 15px 40px rgba(0,0,0,0.15);\n  }\n  \n  .founder-image {\n    width: 150px;\n    height: 150px;\n    border-radius: 50%;\n    border: 5px solid white;\n    object-fit: cover;\n    flex-shrink: 0;\n  }\n  \n  .founder-info h3 {\n    font-size: 28px;\n    margin-bottom: 10px;\n    color: white;\n  }\n  \n  .founder-info p {\n    color: rgba(255,255,255,0.95);\n    font-size: 16px;\n    line-height: 1.6;\n    margin: 0;\n  }\n  \n  .cta-section {\n    background: linear-gradient(135deg, #667eea 0%, #764ba2 100%);\n    padding: 50px;\n    border-radius: 15px;\n    text-align: center;\n    margin-top: 60px;\n    box-shadow: 0 15px 40px rgba(0,0,0,0.15);\n  }\n  \n  .cta-section h3 {\n    font-size: 32px;\n    color: white;\n    margin-bottom: 30px;\n  }\n  \n  .cta-buttons {\n    display: flex;\n    gap: 20px;\n    justify-content: center;\n    flex-wrap: wrap;\n  }\n  \n  .cta-button {\n    display: inline-block;\n    padding: 15px 40px;\n    font-size: 18px;\n    font-weight: 600;\n    text-decoration: none;\n    border-radius: 8px;\n    transition: all 0.3s ease;\n  }\n  \n  .cta-button-primary {\n    background: white;\n    color: #7c3aed;\n  }\n  \n  .cta-button-primary:hover {\n    background: #f5f5f5;\n    transform: translateY(-2px);\n    box-shadow: 0 5px 15px rgba(0,0,0,0.2);\n  }\n  \n  .cta-button-secondary {\n    background: transparent;\n    color: white;\n    border: 2px solid white;\n  }\n  \n  .cta-button-secondary:hover {\n    background: rgba(255,255,255,0.1);\n    transform: translateY(-2px);\n  }\n  \n  @media (max-width: 768px) {\n    .about-hero {\n      font-size: 22px;\n    }\n    \n    .about-section h2 {\n      font-size: 26px;\n    }\n    \n    .founder-card {\n      flex-direction: column;\n      text-align: center;\n    }\n    \n    .cta-section {\n      padding: 30px 20px;\n    }\n    \n    .cta-buttons {\n      flex-direction: column;\n    }\n    \n    .cta-button {\n      width: 100%;\n    }\n  }\n<\/style>\n\n<div class=\"about-container\">\n  \n  <!-- Hero Statement -->\n  <div class=\"about-hero\">\n    T\u1ea5t c\u1ea3 b\u1eaft \u0111\u1ea7u t\u1eeb m\u1ed9t v\u1ea5n \u0111\u1ec1 \u0111\u01a1n gi\u1ea3n, t\u01b0\u1edfng ch\u1eebng nh\u01b0 b\u1ea5t kh\u1ea3 thi: l\u00e0m th\u1ebf n\u00e0o \u0111\u1ec3 x\u00e2y d\u1ef1ng m\u1ed9t \u0111\u1ebf ch\u1ebf truy\u1ec1n th\u00f4ng trong th\u1eddi gian r\u1ea3nh r\u1ed7i, trong khi v\u1eabn ph\u1ea3i l\u00e0m m\u1ed9t c\u00f4ng vi\u1ec7c to\u00e0n th\u1eddi gian b\u1eadn r\u1ed9n v\u00e0 nu\u00f4i d\u1ea1y b\u1ed1n \u0111\u1ee9a con?\n  <\/div>\n  \n  <!-- The Founder Section -->\n  <div class=\"about-section\">\n    <h2>Ng\u01b0\u1eddi s\u00e1ng l\u1eadp, ng\u01b0\u1eddi cha, ng\u01b0\u1eddi \u0111\u1ee9ng \u0111\u1ea7u Hip-Hop<\/h2>\n    <p>Ban ng\u00e0y, Jerome l\u00e0 K\u1ef9 s\u01b0 H\u1ec7 th\u1ed1ng\/Dev-Ops c\u1ea5p cao t\u1ea1i m\u1ed9t doanh nghi\u1ec7p l\u1edbn c\u1ee7a ch\u00e2u \u00c2u. C\u00f4ng vi\u1ec7c c\u1ee7a anh l\u00e0 x\u00e2y d\u1ef1ng v\u00e0 qu\u1ea3n l\u00fd c\u01a1 s\u1edf h\u1ea1 t\u1ea7ng ph\u1ee9c t\u1ea1p, c\u00f3 t\u1ea7m quan tr\u1ecdng s\u1ed1ng c\u00f2n. \u0110\u00f3 l\u00e0 m\u1ed9t th\u1ebf gi\u1edbi c\u1ee7a s\u1ef1 ch\u00ednh x\u00e1c, b\u1ea3o m\u1eadt v\u00e0 r\u1ee7i ro cao.<\/p>\n    \n    <p>Sau gi\u1edd l\u00e0m, anh \u1ea5y l\u00e0 m\u1ed9t ng\u01b0\u1eddi cha c\u1ee7a b\u1ed1n \u0111\u1ee9a con. M\u1ed9t vai tr\u00f2 \u0111\u00f2i h\u1ecfi s\u1ef1 ch\u00ednh x\u00e1c, an to\u00e0n v\u00e0 c\u1ea3 nh\u1eefng r\u1ee7i ro cao h\u01a1n.<\/p>\n    \n    <p>V\u00e0 trong nh\u1eefng kho\u1ea3ng th\u1eddi gian ng\u1eafn ng\u1ee7i xen k\u1ebd \u0111\u00f3, anh theo \u0111u\u1ed5i m\u1ed9t ni\u1ec1m \u0111am m\u00ea \u0111\u00e3 g\u1eafn b\u00f3 v\u1edbi anh t\u1eeb th\u1eddi ni\u00ean thi\u1ebfu: <strong>v\u0103n h\u00f3a hip-hop<\/strong>.<\/p>\n    \n    <p>Kh\u00f4ng ch\u1ec9 l\u00e0 \u00e2m nh\u1ea1c\u2014m\u1eb7c d\u00f9 anh \u1ea5y l\u00e0 m\u1ed9t fan h\u00e2m m\u1ed9 t\u1eeb nh\u1eefng n\u0103m 90\u2014m\u00e0 l\u00e0 to\u00e0n b\u1ed9 h\u1ec7 sinh th\u00e1i. C\u00e1c ngh\u1ec7 s\u0129, nh\u1eefng c\u00e2u chuy\u1ec7n, c\u1ed9ng \u0111\u1ed3ng, v\u0103n h\u00f3a. Jerome mu\u1ed1n t\u1ea1o ra m\u1ed9t n\u1ec1n t\u1ea3ng t\u00f4n vinh hip-hop H\u00e0 Lan v\u00e0 mang \u0111\u1ebfn cho n\u00f3 s\u1ef1 ch\u00fa \u00fd x\u1ee9ng \u0111\u00e1ng.<\/p>\n    \n    <p>V\u00ec v\u1eady, anh \u1ea5y \u0111\u00e3 kh\u1edfi \u0111\u1ed9ng <strong><a href=\"https:\/\/houhetzout.nl\" target=\"_blank\" style=\"color: #7c3aed; text-decoration: none;\">HouHetZout.nl<\/a><\/strong>, m\u1ed9t trang tin t\u1ee9c ti\u1ebfng H\u00e0 Lan chuy\u00ean v\u1ec1 hip-hop, v\u0103n h\u00f3a \u0111\u00f4 th\u1ecb v\u00e0 m\u1ecdi th\u1ee9 li\u00ean quan. T\u1ea7m nh\u00ecn th\u00ec r\u00f5 r\u00e0ng. V\u1ea5n \u0111\u1ec1 n\u1eb1m \u1edf kh\u00e2u th\u1ef1c hi\u1ec7n.<\/p>\n  <\/div>\n  \n  <!-- The Problem Section -->\n  <div class=\"about-section\">\n    <h2>V\u1ea5n \u0111\u1ec1: \u0110am m\u00ea g\u1eb7p g\u1ee1 hi\u1ec7n th\u1ef1c<\/h2>\n    \n    <div class=\"quote-block\">\n      <p>\"&quot;T\u00f4i d\u00e0nh m\u1ecdi ph\u00fat r\u1ea3nh r\u1ed7i \u0111\u1ec3 t\u1ef1 tay t\u1ea1o n\u1ed9i dung. T\u00ecm ki\u1ebfm tin t\u1ee9c, vi\u1ebft l\u1ea1i b\u00e0i b\u00e1o, d\u1ecbch thu\u1eadt, t\u1ea1o b\u00e0i \u0111\u0103ng tr\u00ean m\u1ea1ng x\u00e3 h\u1ed9i, \u0111\u0103ng t\u1ea3i l\u00ean WordPress... \u0111\u00f3 l\u00e0 m\u1ed9t kh\u1ed1i l\u01b0\u1ee3ng c\u00f4ng vi\u1ec7c th\u1ee7 c\u00f4ng v\u00f4 c\u00f9ng t\u1ed1n s\u1ee9c. T\u00f4i d\u00e0nh 20 gi\u1edd m\u1ed7i tu\u1ea7n \u0111\u1ec3 s\u1ea3n xu\u1ea5t kho\u1ea3ng 10-15 b\u00e0i vi\u1ebft. \u0110i\u1ec1u \u0111\u00f3 kh\u00f4ng th\u1ec3 m\u1edf r\u1ed9ng quy m\u00f4. T\u00f4i \u0111ang ti\u1ebfn th\u1eb3ng \u0111\u1ebfn b\u1edd v\u1ef1c ki\u1ec7t s\u1ee9c, v\u00e0 gi\u1ea5c m\u01a1 x\u00e2y d\u1ef1ng m\u1ed9t doanh nghi\u1ec7p truy\u1ec1n th\u00f4ng c\u1ee7a t\u00f4i \u0111ang d\u1ea7n tan bi\u1ebfn.&quot;\"<\/p>\n    <\/div>\n    \n    <p>Anh \u1ea5y bi\u1ebft ch\u1eafc ch\u1eafn ph\u1ea3i c\u00f3 m\u1ed9t c\u00e1ch t\u1ed1t h\u01a1n. T\u01b0 duy k\u1ef9 s\u01b0 c\u1ee7a anh \u1ea5y b\u1eaft \u0111\u1ea7u ho\u1ea1t \u0111\u1ed9ng. C\u00e1c h\u1ec7 th\u1ed1ng anh \u1ea5y x\u00e2y d\u1ef1ng trong c\u00f4ng vi\u1ec7c h\u00e0ng ng\u00e0y \u0111\u1ec1u h\u01b0\u1edbng \u0111\u1ebfn t\u1ef1 \u0111\u1ed9ng h\u00f3a, hi\u1ec7u qu\u1ea3 v\u00e0 kh\u1ea3 n\u0103ng m\u1edf r\u1ed9ng. T\u1ea1i sao nh\u1eefng nguy\u00ean t\u1eafc t\u01b0\u01a1ng t\u1ef1 kh\u00f4ng th\u1ec3 \u00e1p d\u1ee5ng cho n\u1ed9i dung?<\/p>\n    \n    <p>C\u00e2u h\u1ecfi \u0111\u1eb7t ra l\u00e0: <strong>S\u1ebd ra sao n\u1ebfu t\u00f4i c\u00f3 th\u1ec3 ch\u1ebf t\u1ea1o m\u1ed9t c\u1ed7 m\u00e1y \u0111\u1ec3 v\u1eadn h\u00e0nh t\u00f2a so\u1ea1n thay cho m\u00ecnh?<\/strong><\/p>\n  <\/div>\n  \n  <!-- The Solution Section -->\n  <div class=\"about-section\">\n    <h2>Gi\u1ea3i ph\u00e1p: X\u00e2y d\u1ef1ng c\u1ed7 m\u00e1y<\/h2>\n    <p>Jerome kh\u00f4ng ch\u1ec9 mu\u1ed1n t\u1ef1 \u0111\u1ed9ng h\u00f3a m\u1ed9t ph\u1ea7n c\u1ee7a quy tr\u00ecnh. Anh \u1ea5y mu\u1ed1n t\u1ef1 \u0111\u1ed9ng h\u00f3a to\u00e0n b\u1ed9 quy tr\u00ecnh. <strong>m\u1ecdi th\u1ee9<\/strong>. \u00d4ng h\u00ecnh dung ra m\u1ed9t h\u1ec7 th\u1ed1ng duy nh\u1ea5t, th\u1ed1ng nh\u1ea5t\u2014m\u1ed9t h\u1ec7 th\u1ed1ng th\u1ef1c s\u1ef1. <strong>N\u1ec1n t\u1ea3ng t\u1ef1 \u0111\u1ed9ng h\u00f3a n\u1ed9i dung AI<\/strong>\u2014c\u00f3 th\u1ec3 x\u1eed l\u00fd to\u00e0n b\u1ed9 quy tr\u00ecnh l\u00e0m vi\u1ec7c t\u1eeb \u0111\u1ea7u \u0111\u1ebfn cu\u1ed1i.<\/p>\n    \n    <p>V\u1edbi chuy\u00ean m\u00f4n v\u1ec1 ki\u1ebfn tr\u00fac h\u1ec7 th\u1ed1ng v\u00e0 t\u00edch h\u1ee3p API, anh \u1ea5y b\u1eaft \u0111\u1ea7u x\u00e2y d\u1ef1ng. Anh \u1ea5y \u0111\u00e3 k\u1ebft n\u1ed1i:<\/p>\n    \n    <div class=\"feature-list\">\n      <div class=\"feature-item\">\n        <strong>Ngu\u1ed3n n\u1ed9i dung<\/strong>\n        API t\u1eeb c\u00e1c h\u00e3ng tin, blog v\u00e0 ngu\u1ed3n c\u1ea5p d\u1eef li\u1ec7u m\u1ea1ng x\u00e3 h\u1ed9i.\n      <\/div>\n      <div class=\"feature-item\">\n        <strong>L\u00f5i AI<\/strong>\n        C\u00e1c m\u00f4 h\u00ecnh ng\u00f4n ng\u1eef quy m\u00f4 l\u1edbn m\u1edbi nh\u1ea5t (nh\u01b0 c\u1ee7a OpenAI)\u7528\u4e8e vi\u1ebft l\u1ea1i, t\u00f3m t\u1eaft v\u00e0 d\u1ecbch thu\u1eadt.\n      <\/div>\n      <div class=\"feature-item\">\n        <strong>Quy tr\u00ecnh ph\u00ea duy\u1ec7t<\/strong>\n        M\u1ed9t h\u1ec7 th\u1ed1ng \u0111\u01b0\u1ee3c x\u00e2y d\u1ef1ng ri\u00eang b\u1eb1ng Telegram v\u00e0 WhatsApp, cho ph\u00e9p anh \u1ea5y ph\u00ea duy\u1ec7t ho\u1eb7c t\u1eeb ch\u1ed1i b\u00e0i vi\u1ebft t\u1eeb \u0111i\u1ec7n tho\u1ea1i ch\u1ec9 b\u1eb1ng m\u1ed9t l\u1ea7n ch\u1ea1m.\n      <\/div>\n      <div class=\"feature-item\">\n        <strong>C\u00f4ng c\u1ee5 xu\u1ea5t b\u1ea3n<\/strong>\n        T\u00edch h\u1ee3p v\u1edbi WordPress, LinkedIn, Twitter v\u00e0 c\u00e1c n\u1ec1n t\u1ea3ng kh\u00e1c.\n      <\/div>\n    <\/div>\n    \n    <p>\u00d4ng \u1ea5y g\u1ecdi n\u00f3 l\u00e0... <strong>Ph\u00f2ng xung<\/strong>.<\/p>\n    \n    <p>N\u00f3 kh\u00f4ng ch\u1ec9 l\u00e0 m\u1ed9t c\u00f4ng c\u1ee5; n\u00f3 l\u00e0 m\u1ed9t ph\u00f2ng tin t\u1ee9c ho\u00e0n to\u00e0n t\u1ef1 \u0111\u1ed9ng, ho\u1ea1t \u0111\u1ed9ng t\u1eeb \u0111\u1ea7u \u0111\u1ebfn cu\u1ed1i. M\u1ed9t c\u1ed7 m\u00e1y \u0111\u01b0\u1ee3c ch\u1ebf t\u1ea1o \u0111\u1ec3 gi\u1ea3i quy\u1ebft v\u1ea5n \u0111\u1ec1 t\u01b0\u1edfng ch\u1eebng nh\u01b0 b\u1ea5t kh\u1ea3 thi c\u1ee7a ch\u00ednh \u00f4ng.<\/p>\n  <\/div>\n  \n  <!-- The Proof Section -->\n  <div class=\"about-section\">\n    <h2>B\u1eb1ng ch\u1ee9ng: K\u1ebft qu\u1ea3 th\u1ef1c t\u1ebf, kh\u00f4ng c\u1ea7n thao t\u00e1c th\u1ee7 c\u00f4ng.<\/h2>\n    <p>Khi c\u00f4ng c\u1ee5 Pulseroom \u0111ang ho\u1ea1t \u0111\u1ed9ng, Jerome \u0111\u00e3 h\u01b0\u1edbng n\u00f3 \u0111\u1ebfn HouHetZout.nl. K\u1ebft qu\u1ea3 th\u1eadt \u0111\u00e1ng kinh ng\u1ea1c.<\/p>\n    \n    <div class=\"stats-grid\">\n      <div class=\"stat-card\">\n        <span class=\"stat-number\">552<\/span>\n        <span class=\"stat-label\">B\u00e0i vi\u1ebft \u0111\u00e3 xu\u1ea5t b\u1ea3n<\/span>\n      <\/div>\n      <div class=\"stat-card\">\n        <span class=\"stat-number\">1,104<\/span>\n        <span class=\"stat-label\">S\u1ed1 \u0111\u1ed9c gi\u1ea3 ti\u1ebfp c\u1eadn<\/span>\n      <\/div>\n      <div class=\"stat-card\">\n        <span class=\"stat-number\">0<\/span>\n        <span class=\"stat-label\">S\u1ed1 gi\u1edd l\u00e0m vi\u1ec7c ch\u00e2n tay<\/span>\n      <\/div>\n    <\/div>\n    \n    <p>Anh \u1ea5y \u0111\u00e3 chuy\u1ec3n t\u1eeb 20 gi\u1edd lao \u0111\u1ed9ng ch\u00e2n tay m\u1ed7i tu\u1ea7n sang ch\u1ec9 c\u1ea7n nh\u1ea5n &quot;Duy\u1ec7t&quot; tr\u00ean \u0111i\u1ec7n tho\u1ea1i v\u00e0i l\u1ea7n m\u1ed7i ng\u00e0y. Anh \u1ea5y \u0111\u00e3 th\u00e0nh c\u00f4ng trong vi\u1ec7c x\u00e2y d\u1ef1ng m\u1ed9t c\u1ed7 m\u00e1y v\u1eadn h\u00e0nh to\u00e0n b\u1ed9 c\u00f4ng vi\u1ec7c kinh doanh truy\u1ec1n th\u00f4ng c\u1ee7a m\u00ecnh.<\/p>\n    \n    <p>\u0110\u00f3 l\u00e0 l\u00fac anh \u1ea5y nh\u1eadn ra s\u1ef1 th\u1eadt: <strong>H\u1ec7 th\u1ed1ng m\u00e0 anh \u1ea5y x\u00e2y d\u1ef1ng \u0111\u1ec3 c\u1ee9u v\u00e3n gi\u1ea5c m\u01a1 c\u1ee7a ch\u00ednh m\u00ecnh ch\u00ednh l\u00e0 s\u1ea3n ph\u1ea9m th\u1ef1c t\u1ebf.<\/strong> \u0110i\u1ec1u quan tr\u1ecdng th\u1ef1c s\u1ef1 kh\u00f4ng ph\u1ea3i l\u00e0 trang tin t\u1ee9c hip-hop, m\u00e0 l\u00e0 h\u1ec7 th\u1ed1ng v\u1eadn h\u00e0nh \u0111\u1eb1ng sau n\u00f3.<\/p>\n    \n    <p style=\"font-size: 24px; font-weight: 700; color: #7c3aed; text-align: center; margin-top: 40px;\">Pulseroom.io ra \u0111\u1eddi.<\/p>\n  <\/div>\n  \n  <!-- Mission Section -->\n  <div class=\"about-section\">\n    <h2>S\u1ee9 m\u1ec7nh c\u1ee7a ch\u00fang t\u00f4i: Gi\u00fap ng\u01b0\u1eddi s\u00e1ng t\u1ea1o l\u1ea5y l\u1ea1i th\u1eddi gian c\u1ee7a h\u1ecd.<\/h2>\n    <p>Ch\u00fang t\u00f4i tin r\u1eb1ng vi\u1ec7c t\u1ea1o n\u1ed9i dung kh\u00f4ng n\u00ean l\u00e0 s\u1ef1 l\u1ef1a ch\u1ecdn gi\u1eefa quy m\u00f4 v\u00e0 s\u1ee9c kh\u1ecfe tinh th\u1ea7n. B\u1ea1n kh\u00f4ng c\u1ea7n ph\u1ea3i thu\u00ea c\u1ea3 m\u1ed9t \u0111\u1ed9i ng\u0169 vi\u1ebft b\u00e0i hay l\u00e0m vi\u1ec7c 80 gi\u1edd m\u1ed9t tu\u1ea7n \u0111\u1ec3 x\u00e2y d\u1ef1ng m\u1ed9t th\u01b0\u01a1ng hi\u1ec7u truy\u1ec1n th\u00f4ng th\u00e0nh c\u00f4ng.<\/p>\n    \n    <p><strong>S\u1ee9 m\u1ec7nh c\u1ee7a ch\u00fang t\u00f4i l\u00e0 mang \u0111\u1ebfn cho c\u00e1c nh\u00e0 s\u00e1ng t\u1ea1o n\u1ed9i dung, c\u00e1c c\u00f4ng ty truy\u1ec1n th\u00f4ng v\u00e0 c\u00e1c agency s\u1ee9c m\u1ea1nh c\u1ee7a m\u1ed9t t\u00f2a so\u1ea1n b\u00e1o quy m\u00f4 \u0111\u1ea7y \u0111\u1ee7, m\u00e0 kh\u00f4ng ph\u1ea3i ch\u1ecbu chi ph\u00ed v\u1eadn h\u00e0nh cao.<\/strong><\/p>\n    \n    <p>Ch\u00fang t\u00f4i th\u1ef1c hi\u1ec7n \u0111i\u1ec1u n\u00e0y b\u1eb1ng c\u00e1ch cung c\u1ea5p m\u1ed9t c\u00f4ng ngh\u1ec7 m\u1ea1nh m\u1ebd. <strong>N\u1ec1n t\u1ea3ng t\u1ef1 \u0111\u1ed9ng h\u00f3a n\u1ed9i dung AI<\/strong> x\u1eed l\u00fd:<\/p>\n    \n    <div class=\"feature-list\">\n      <div class=\"feature-item\">\n        <strong>T\u00ecm ngu\u1ed3n n\u1ed9i dung<\/strong>\n        T\u1eeb b\u1ea5t k\u1ef3 API, blog ho\u1eb7c ngu\u1ed3n c\u1ea5p d\u1eef li\u1ec7u m\u1ea1ng x\u00e3 h\u1ed9i n\u00e0o.\n      <\/div>\n      <div class=\"feature-item\">\n        <strong>T\u1ea1o v\u00e0 vi\u1ebft l\u1ea1i b\u1eb1ng AI<\/strong>\n        T\u1ea1o n\u1ed9i dung \u0111\u1ed9c \u0111\u00e1o, ph\u00f9 h\u1ee3p v\u1edbi th\u01b0\u01a1ng hi\u1ec7u ch\u1ec9 trong v\u00e0i ph\u00fat.\n      <\/div>\n      <div class=\"feature-item\">\n        <strong>D\u1ecbch thu\u1eadt \u0111a ng\u00f4n ng\u1eef<\/strong>\n        Ti\u1ebfp c\u1eadn kh\u00e1n gi\u1ea3 to\u00e0n c\u1ea7u m\u1ed9t c\u00e1ch d\u1ec5 d\u00e0ng (ban \u0111\u1ea7u ch\u00fang t\u00f4i ch\u1ec9 h\u1ed7 tr\u1ee3 ti\u1ebfng H\u00e0 Lan v\u00e0 ti\u1ebfng Anh, hi\u1ec7n nay ch\u00fang t\u00f4i h\u1ed7 tr\u1ee3 h\u01a1n 6 ng\u00f4n ng\u1eef).\n      <\/div>\n      <div class=\"feature-item\">\n        <strong>Ph\u00ea duy\u1ec7t c\u00f3 s\u1ef1 tham gia c\u1ee7a con ng\u01b0\u1eddi<\/strong>\n        B\u1ea1n lu\u00f4n c\u00f3 quy\u1ec1n quy\u1ebft \u0111\u1ecbnh cu\u1ed1i c\u00f9ng, d\u00f9 \u1edf b\u1ea5t c\u1ee9 \u0111\u00e2u.\n      <\/div>\n      <div class=\"feature-item\">\n        <strong>Xu\u1ea5t b\u1ea3n \u0111a n\u1ec1n t\u1ea3ng<\/strong>\n        \u0110\u0103ng t\u1ea3i n\u1ed9i dung ch\u1ec9 v\u1edbi m\u1ed9t c\u00fa nh\u1ea5p chu\u1ed9t l\u00ean WordPress, LinkedIn, X v\u00e0 nhi\u1ec1u n\u1ec1n t\u1ea3ng kh\u00e1c.\n      <\/div>\n    <\/div>\n    \n    <p>Ch\u00fang t\u00f4i \u0111\u00e3 t\u1ea1o ra Pulseroom \u0111\u1ec3 gi\u1ea3i quy\u1ebft m\u1ed9t v\u1ea5n \u0111\u1ec1 t\u01b0\u1edfng ch\u1eebng nh\u01b0 b\u1ea5t kh\u1ea3 thi \u0111\u1ed1i v\u1edbi ch\u00ednh m\u00ecnh. Gi\u1edd \u0111\u00e2y, ch\u00fang t\u00f4i chia s\u1ebb n\u00f3 v\u1edbi c\u1ea3 th\u1ebf gi\u1edbi.<\/p>\n  <\/div>\n  \n  <!-- Founder Card -->\n  <div class=\"founder-card\">\n    <img decoding=\"async\" src=\"https:\/\/www.pulseroom.io\/wp-content\/uploads\/2025\/11\/jerome1.jpg\" width=\"500\" alt=\"Jerome Levy, Founder of Pulseroom.io\" class=\"founder-image\">\n    <div class=\"founder-info\">\n      <h3>G\u1eb7p g\u1ee1 Jerome Levy<\/h3>\n      <p><strong>Ng\u01b0\u1eddi s\u00e1ng l\u1eadp ki\u00eam Ki\u1ebfn tr\u00fac s\u01b0 tr\u01b0\u1edfng c\u1ee7a Pulseroom.io<\/strong><\/p>\n      <p>V\u1edbi h\u01a1n 15 n\u0103m kinh nghi\u1ec7m l\u00e0m k\u1ef9 s\u01b0 h\u1ec7 th\u1ed1ng c\u1ea5p cao cho c\u00e1c doanh nghi\u1ec7p l\u1edbn, Jerome mang \u0111\u1ebfn s\u1ef1 hi\u1ec3u bi\u1ebft s\u00e2u s\u1eafc v\u1ec1 t\u1ef1 \u0111\u1ed9ng h\u00f3a, b\u1ea3o m\u1eadt v\u00e0 c\u01a1 s\u1edf h\u1ea1 t\u1ea7ng c\u00f3 kh\u1ea3 n\u0103ng m\u1edf r\u1ed9ng cho th\u1ebf gi\u1edbi s\u00e1ng t\u1ea1o n\u1ed9i dung. Anh c\u0169ng l\u00e0 ng\u01b0\u1eddi s\u00e1ng l\u1eadp ROTZ Media Services v\u00e0 HouHetZout.nl. Khi kh\u00f4ng b\u1eadn r\u1ed9n x\u00e2y d\u1ef1ng t\u01b0\u01a1ng lai c\u1ee7a truy\u1ec1n th\u00f4ng t\u1ef1 \u0111\u1ed9ng h\u00f3a, anh d\u00e0nh th\u1eddi gian cho v\u1ee3 v\u00e0 b\u1ed1n ng\u01b0\u1eddi con c\u1ee7a m\u00ecnh \u1edf Amsterdam.<\/p>\n    <\/div>\n  <\/div>\n  \n  <!-- CTA Section -->\n  <div class=\"cta-section\">\n    <h3>B\u1ea1n \u0111\u00e3 s\u1eb5n s\u00e0ng m\u1edf r\u1ed9ng quy m\u00f4 n\u1ed9i dung c\u1ee7a m\u00ecnh ch\u01b0a?<\/h3>\n    <p style=\"color: rgba(255,255,255,0.95); font-size: 18px; margin-bottom: 30px;\">N\u1ebfu b\u1ea1n \u0111\u00e3 ch\u00e1n ng\u1ea5y v\u1edbi c\u00f4ng vi\u1ec7c th\u1ee7 c\u00f4ng t\u1ebb nh\u1ea1t v\u00e0 s\u1eb5n s\u00e0ng tr\u1ea3i nghi\u1ec7m nh\u1eefng l\u1ee3i \u00edch m\u00e0 t\u1ef1 \u0111\u1ed9ng h\u00f3a n\u1ed9i dung th\u1ef1c s\u1ef1 c\u00f3 th\u1ec3 mang l\u1ea1i cho doanh nghi\u1ec7p c\u1ee7a m\u00ecnh, ch\u00fang t\u00f4i m\u1eddi b\u1ea1n xem Pulseroom ho\u1ea1t \u0111\u1ed9ng nh\u01b0 th\u1ebf n\u00e0o.<\/p>\n    <div class=\"cta-buttons\">\n      <a href=\"\/vi\/book-a-demo\/\" class=\"cta-button cta-button-primary\">\u0110\u0103ng k\u00fd d\u00f9ng th\u1eed mi\u1ec5n ph\u00ed<\/a>\n      <a href=\"\/vi\/pricing\/\" class=\"cta-button cta-button-secondary\">Xem b\u1ea3ng gi\u00e1 c\u1ee7a ch\u00fang t\u00f4i<\/a>\n    <\/div>\n  <\/div>\n  \n<\/div>\t\t\t\t<\/div>\n\t\t\t\t<\/div>\n\t\t\t\t<\/div>","protected":false},"excerpt":{"rendered":"<p>A few words aboutour founder and company It all started with a simple, impossible problem: how do you build a media empire in your spare time,<span class=\"excerpt-hellip\"> [\u2026]<\/span><\/p>","protected":false},"author":1,"featured_media":0,"parent":0,"menu_order":0,"comment_status":"open","ping_status":"closed","template":"","meta":{"footnotes":""},"class_list":["post-8","page","type-page","status-publish","hentry"],"_links":{"self":[{"href":"https:\/\/www.pulseroom.io\/vi\/wp-json\/wp\/v2\/pages\/8","targetHints":{"allow":["GET"]}}],"collection":[{"href":"https:\/\/www.pulseroom.io\/vi\/wp-json\/wp\/v2\/pages"}],"about":[{"href":"https:\/\/www.pulseroom.io\/vi\/wp-json\/wp\/v2\/types\/page"}],"author":[{"embeddable":true,"href":"https:\/\/www.pulseroom.io\/vi\/wp-json\/wp\/v2\/users\/1"}],"replies":[{"embeddable":true,"href":"https:\/\/www.pulseroom.io\/vi\/wp-json\/wp\/v2\/comments?post=8"}],"version-history":[{"count":18,"href":"https:\/\/www.pulseroom.io\/vi\/wp-json\/wp\/v2\/pages\/8\/revisions"}],"predecessor-version":[{"id":319,"href":"https:\/\/www.pulseroom.io\/vi\/wp-json\/wp\/v2\/pages\/8\/revisions\/319"}],"wp:attachment":[{"href":"https:\/\/www.pulseroom.io\/vi\/wp-json\/wp\/v2\/media?parent=8"}],"curies":[{"name":"wp","href":"https:\/\/api.w.org\/{rel}","templated":true}]}}