{"id":8,"date":"2019-09-09T11:07:11","date_gmt":"2019-09-09T11:07:11","guid":{"rendered":"https:\/\/themes.muffingroup.com\/be\/hosting3\/?page_id=8"},"modified":"2025-11-10T22:36:54","modified_gmt":"2025-11-10T21:36:54","slug":"about-us","status":"publish","type":"page","link":"https:\/\/www.pulseroom.io\/tr\/about-us\/","title":{"rendered":"Hakk\u0131m\u0131zda"},"content":{"rendered":"<div data-elementor-type=\"wp-page\" data-elementor-id=\"8\" class=\"elementor elementor-8\" data-elementor-post-type=\"page\">\n\t\t\t\t\t\t<section class=\"elementor-section elementor-top-section elementor-element elementor-element-455d67c elementor-section-stretched elementor-section-boxed elementor-section-height-default elementor-section-height-default\" data-id=\"455d67c\" data-element_type=\"section\" data-settings=\"{&quot;stretch_section&quot;:&quot;section-stretched&quot;,&quot;background_background&quot;:&quot;classic&quot;}\">\n\t\t\t\t\t\t<div class=\"elementor-container elementor-column-gap-wider\">\n\t\t\t\t\t<div class=\"elementor-column elementor-col-100 elementor-top-column elementor-element elementor-element-2dff1bf\" data-id=\"2dff1bf\" data-element_type=\"column\">\n\t\t\t<div class=\"elementor-widget-wrap elementor-element-populated\">\n\t\t\t\t\t\t<section class=\"elementor-section elementor-inner-section elementor-element elementor-element-4156551 elementor-section-boxed elementor-section-height-default elementor-section-height-default\" data-id=\"4156551\" data-element_type=\"section\">\n\t\t\t\t\t\t<div class=\"elementor-container elementor-column-gap-default\">\n\t\t\t\t\t<div class=\"elementor-column elementor-col-100 elementor-inner-column elementor-element elementor-element-be685f7\" data-id=\"be685f7\" data-element_type=\"column\">\n\t\t\t<div class=\"elementor-widget-wrap elementor-element-populated\">\n\t\t\t\t\t\t<div class=\"elementor-element elementor-element-4df0585 elementor-widget elementor-widget-text-editor\" data-id=\"4df0585\" data-element_type=\"widget\" data-widget_type=\"text-editor.default\">\n\t\t\t\t\t\t\t\t\t<h1><span style=\"color: #ffffff;\">birka\u00e7 kelime<\/span> <span class=\"themecolor\" style=\"border-bottom: 4px solid #d0098d;\">hakk\u0131nda<br \/>kurucumuz ve \u015firketimiz<\/span><\/h1>\t\t\t\t\t\t\t\t<\/div>\n\t\t\t\t\t<\/div>\n\t\t<\/div>\n\t\t\t\t\t<\/div>\n\t\t<\/section>\n\t\t\t\t\t<\/div>\n\t\t<\/div>\n\t\t\t\t\t<\/div>\n\t\t<\/section>\n\t\t<div class=\"elementor-element elementor-element-6d799ad e-con-full e-flex e-con e-parent\" data-id=\"6d799ad\" data-element_type=\"container\">\n\t\t\t\t<div class=\"elementor-element elementor-element-ad226ca elementor-widget elementor-widget-html\" data-id=\"ad226ca\" data-element_type=\"widget\" data-widget_type=\"html.default\">\n\t\t\t\t\t<style>\n  .about-container {\n    max-width: 1200px;\n    margin: 0 auto;\n    padding: 40px 20px;\n    font-family: -apple-system, BlinkMacSystemFont, 'Segoe UI', Roboto, Oxygen, Ubuntu, Cantarell, sans-serif;\n    line-height: 1.8;\n    color: #333;\n  }\n  \n  .about-hero {\n    font-size: 28px;\n    font-weight: 700;\n    line-height: 1.4;\n    margin-bottom: 40px;\n    color: #1a1a1a;\n    border-left: 5px solid #7c3aed;\n    padding-left: 25px;\n    font-style: italic;\n  }\n  \n  .about-section {\n    margin-bottom: 50px;\n  }\n  \n  .about-section h2 {\n    font-size: 32px;\n    font-weight: 700;\n    margin-bottom: 20px;\n    color: #1a1a1a;\n    position: relative;\n    padding-bottom: 15px;\n  }\n  \n  .about-section h2:after {\n    content: '';\n    position: absolute;\n    bottom: 0;\n    left: 0;\n    width: 60px;\n    height: 4px;\n    background: linear-gradient(90deg, #7c3aed, #ec4899);\n    border-radius: 2px;\n  }\n  \n  .about-section p {\n    font-size: 18px;\n    margin-bottom: 20px;\n    color: #4a5568;\n  }\n  \n  .quote-block {\n    background: linear-gradient(135deg, #667eea 0%, #764ba2 100%);\n    color: white;\n    padding: 30px 40px;\n    border-radius: 12px;\n    margin: 40px 0;\n    font-size: 20px;\n    font-style: italic;\n    line-height: 1.6;\n    box-shadow: 0 10px 30px rgba(0,0,0,0.1);\n  }\n  \n  .quote-block p {\n    color: white;\n    margin: 0;\n  }\n  \n  .stats-grid {\n    display: grid;\n    grid-template-columns: repeat(auto-fit, minmax(250px, 1fr));\n    gap: 30px;\n    margin: 40px 0;\n  }\n  \n  .stat-card {\n    background: linear-gradient(135deg, #f5f7fa 0%, #c3cfe2 100%);\n    padding: 30px;\n    border-radius: 12px;\n    text-align: center;\n    box-shadow: 0 5px 15px rgba(0,0,0,0.08);\n    transition: transform 0.3s ease;\n  }\n  \n  .stat-card:hover {\n    transform: translateY(-5px);\n  }\n  \n  .stat-number {\n    font-size: 48px;\n    font-weight: 800;\n    color: #7c3aed;\n    margin-bottom: 10px;\n    display: block;\n  }\n  \n  .stat-label {\n    font-size: 16px;\n    color: #4a5568;\n    font-weight: 600;\n  }\n  \n  .feature-list {\n    display: grid;\n    grid-template-columns: repeat(auto-fit, minmax(280px, 1fr));\n    gap: 25px;\n    margin: 30px 0;\n  }\n  \n  .feature-item {\n    background: white;\n    padding: 25px;\n    border-radius: 10px;\n    border-left: 4px solid #7c3aed;\n    box-shadow: 0 3px 10px rgba(0,0,0,0.05);\n  }\n  \n  .feature-item strong {\n    color: #7c3aed;\n    font-size: 18px;\n    display: block;\n    margin-bottom: 8px;\n  }\n  \n  .founder-card {\n    background: linear-gradient(135deg, #667eea 0%, #764ba2 100%);\n    color: white;\n    padding: 40px;\n    border-radius: 15px;\n    margin: 40px 0;\n    display: flex;\n    align-items: center;\n    gap: 30px;\n    box-shadow: 0 15px 40px rgba(0,0,0,0.15);\n  }\n  \n  .founder-image {\n    width: 150px;\n    height: 150px;\n    border-radius: 50%;\n    border: 5px solid white;\n    object-fit: cover;\n    flex-shrink: 0;\n  }\n  \n  .founder-info h3 {\n    font-size: 28px;\n    margin-bottom: 10px;\n    color: white;\n  }\n  \n  .founder-info p {\n    color: rgba(255,255,255,0.95);\n    font-size: 16px;\n    line-height: 1.6;\n    margin: 0;\n  }\n  \n  .cta-section {\n    background: linear-gradient(135deg, #667eea 0%, #764ba2 100%);\n    padding: 50px;\n    border-radius: 15px;\n    text-align: center;\n    margin-top: 60px;\n    box-shadow: 0 15px 40px rgba(0,0,0,0.15);\n  }\n  \n  .cta-section h3 {\n    font-size: 32px;\n    color: white;\n    margin-bottom: 30px;\n  }\n  \n  .cta-buttons {\n    display: flex;\n    gap: 20px;\n    justify-content: center;\n    flex-wrap: wrap;\n  }\n  \n  .cta-button {\n    display: inline-block;\n    padding: 15px 40px;\n    font-size: 18px;\n    font-weight: 600;\n    text-decoration: none;\n    border-radius: 8px;\n    transition: all 0.3s ease;\n  }\n  \n  .cta-button-primary {\n    background: white;\n    color: #7c3aed;\n  }\n  \n  .cta-button-primary:hover {\n    background: #f5f5f5;\n    transform: translateY(-2px);\n    box-shadow: 0 5px 15px rgba(0,0,0,0.2);\n  }\n  \n  .cta-button-secondary {\n    background: transparent;\n    color: white;\n    border: 2px solid white;\n  }\n  \n  .cta-button-secondary:hover {\n    background: rgba(255,255,255,0.1);\n    transform: translateY(-2px);\n  }\n  \n  @media (max-width: 768px) {\n    .about-hero {\n      font-size: 22px;\n    }\n    \n    .about-section h2 {\n      font-size: 26px;\n    }\n    \n    .founder-card {\n      flex-direction: column;\n      text-align: center;\n    }\n    \n    .cta-section {\n      padding: 30px 20px;\n    }\n    \n    .cta-buttons {\n      flex-direction: column;\n    }\n    \n    .cta-button {\n      width: 100%;\n    }\n  }\n<\/style>\n\n<div class=\"about-container\">\n  \n  <!-- Hero Statement -->\n  <div class=\"about-hero\">\n    Her \u015fey basit, imkans\u0131z bir problemle ba\u015flad\u0131: Yo\u011fun bir tam zamanl\u0131 i\u015fte \u00e7al\u0131\u015f\u0131rken ve d\u00f6rt \u00e7ocuk b\u00fcy\u00fct\u00fcrken, bo\u015f zamanlar\u0131n\u0131zda nas\u0131l bir medya imparatorlu\u011fu kurars\u0131n\u0131z?\n  <\/div>\n  \n  <!-- The Founder Section -->\n  <div class=\"about-section\">\n    <h2>Kurucu, Baba, Hip-Hop Tutkunu<\/h2>\n    <p>Jerome, g\u00fcnd\u00fczleri b\u00fcy\u00fck bir Avrupa \u015firketinde K\u0131demli DevOps \/ Sistem M\u00fchendisi olarak \u00e7al\u0131\u015f\u0131yor. G\u00f6revi, karma\u015f\u0131k, kritik \u00f6neme sahip altyap\u0131lar\u0131 kurmak ve y\u00f6netmek. Hassasiyet, g\u00fcvenlik ve y\u00fcksek risklerin oldu\u011fu bir d\u00fcnya.<\/p>\n    \n    <p>\u0130\u015ften sonra d\u00f6rt \u00e7ocuk babas\u0131. Bu rol, farkl\u0131 bir hassasiyet, g\u00fcvenlik ve hatta daha y\u00fcksek riskler gerektiriyor.<\/p>\n    \n    <p>Ve aradaki o k\u0131sa zaman dilimlerinde, gen\u00e7lik y\u0131llar\u0131ndan beri onunla birlikte olan bir tutkunun pe\u015finden ko\u015fuyordu: <strong>hip-hop k\u00fclt\u00fcr\u00fc<\/strong>.<\/p>\n    \n    <p>Sadece m\u00fczik de\u011fil \u2013ki 90&#039;lardan beri hayran\u0131\u2013 ayn\u0131 zamanda t\u00fcm ekosistem. Sanat\u00e7\u0131lar, hikayeler, topluluk, k\u00fclt\u00fcr. Jerome, Hollanda hip-hop&#039;unu kutlayan ve hak etti\u011fi ilgiyi g\u00f6rmesini sa\u011flayan bir platform yaratmak istedi.<\/p>\n    \n    <p>B\u00f6ylece o da harekete ge\u00e7ti. <strong><a href=\"https:\/\/houhetzout.nl\" target=\"_blank\" style=\"color: #7c3aed; text-decoration: none;\">HouHetZout.nl<\/a><\/strong>, Hip-hop, \u015fehir k\u00fclt\u00fcr\u00fc ve bunlar\u0131n aras\u0131ndaki her \u015feye adanm\u0131\u015f, Hollandaca yay\u0131n yapan bir haber sitesi. Vizyon netti. Peki ya uygulama? \u0130\u015fte sorun buydu.<\/p>\n  <\/div>\n  \n  <!-- The Problem Section -->\n  <div class=\"about-section\">\n    <h2>Sorun: Tutku Ger\u00e7eklikle Bulu\u015fuyor<\/h2>\n    \n    <div class=\"quote-block\">\n      <p>\"&quot;Bo\u015f zaman\u0131m\u0131n her dakikas\u0131n\u0131 elle i\u00e7erik olu\u015fturmaya harc\u0131yordum. Haber bulmak, makaleleri yeniden yazmak, \u00e7evirmek, sosyal medya g\u00f6nderileri olu\u015fturmak, WordPress&#039;e yay\u0131nlamak... ruhu ezen bir manuel i\u015fti. Haftada 20 saatimi belki 10-15 makale \u00fcretmek i\u00e7in harc\u0131yordum. \u00d6l\u00e7eklenebilir de\u011fildi. Do\u011frudan t\u00fckenmi\u015fli\u011fe do\u011fru gidiyordum ve bir medya i\u015fletmesi kurma hayalim elimden kay\u0131p gidiyordu.&quot;\"<\/p>\n    <\/div>\n    \n    <p>Daha iyi bir yol olmas\u0131 gerekti\u011fini biliyordu. M\u00fchendislik zekas\u0131 devreye girdi. G\u00fcnl\u00fck i\u015finde kurdu\u011fu sistemlerin tamam\u0131 otomasyon, verimlilik ve \u00f6l\u00e7eklenebilirlik \u00fczerineydi. Ayn\u0131 prensipler i\u00e7erik i\u00e7in de ge\u00e7erli olamaz m\u0131yd\u0131?<\/p>\n    \n    <p>Soru \u015fu hale geldi: <strong>E\u011fer haber merkezimi benim yerime y\u00f6netecek bir makine in\u015fa edebilseydim ne olurdu?<\/strong><\/p>\n  <\/div>\n  \n  <!-- The Solution Section -->\n  <div class=\"about-section\">\n    <h2>\u00c7\u00f6z\u00fcm: Makineyi \u0130n\u015fa Etmek<\/h2>\n    <p>Jerome sadece s\u00fcrecin bir b\u00f6l\u00fcm\u00fcn\u00fc otomatikle\u015ftirmek istemedi. S\u00fcrecin tamam\u0131n\u0131 otomatikle\u015ftirmek istedi. <strong>her \u015fey<\/strong>. O, tek ve birle\u015fik bir sistem hayal ediyordu; ger\u00e7ek bir sistem. <strong>Yapay zeka i\u00e7erik otomasyon platformu<\/strong>\u2014t\u00fcm i\u015f ak\u0131\u015f\u0131n\u0131 ba\u015ftan sona y\u00f6netebilecek bir sistem.<\/p>\n    \n    <p>Sistem mimarisi ve API entegrasyonu konusundaki uzmanl\u0131\u011f\u0131n\u0131 kullanarak geli\u015ftirmeye ba\u015flad\u0131. \u015eunlar\u0131 ba\u011flad\u0131:<\/p>\n    \n    <div class=\"feature-list\">\n      <div class=\"feature-item\">\n        <strong>\u0130\u00e7erik Kaynaklar\u0131<\/strong>\n        Haber sitelerinden, bloglardan ve sosyal medya ak\u0131\u015flar\u0131ndan gelen API&#039;lar.\n      <\/div>\n      <div class=\"feature-item\">\n        <strong>Yapay Zeka \u00c7ekirde\u011fi<\/strong>\n        Yeniden yazma, \u00f6zetleme ve \u00e7eviri i\u00e7in en yeni B\u00fcy\u00fck Dil Modelleri (OpenAI&#039;nin modelleri gibi).\n      <\/div>\n      <div class=\"feature-item\">\n        <strong>Onay \u0130\u015f Ak\u0131\u015f\u0131<\/strong>\n        Telegram ve WhatsApp kullanarak \u00f6zel olarak geli\u015ftirilmi\u015f bir sistem sayesinde, telefonundan tek bir dokunu\u015fla makaleleri onaylayabiliyor veya reddedebiliyor.\n      <\/div>\n      <div class=\"feature-item\">\n        <strong>Yay\u0131n Motoru<\/strong>\n        WordPress, LinkedIn, Twitter ve di\u011fer platformlarla entegrasyonlar.\n      <\/div>\n    <\/div>\n    \n    <p>O buna b\u00f6yle dedi. <strong>Nab\u0131z Odas\u0131<\/strong>.<\/p>\n    \n    <p>Bu sadece bir ara\u00e7 de\u011fildi; tamamen otomatikle\u015ftirilmi\u015f, u\u00e7tan uca bir haber odas\u0131yd\u0131. Kendi imkans\u0131z sorununu \u00e7\u00f6zmek i\u00e7in in\u015fa edilmi\u015f bir makineydi.<\/p>\n  <\/div>\n  \n  <!-- The Proof Section -->\n  <div class=\"about-section\">\n    <h2>Kan\u0131t: Ger\u00e7ek Sonu\u00e7lar, S\u0131f\u0131r Manuel \u0130\u015flem<\/h2>\n    <p>Pulseroom motoru \u00e7al\u0131\u015f\u0131r haldeyken, Jerome onu HouHetZout.nl adresine y\u00f6nlendirdi. Sonu\u00e7lar \u015fa\u015f\u0131rt\u0131c\u0131yd\u0131.<\/p>\n    \n    <div class=\"stats-grid\">\n      <div class=\"stat-card\">\n        <span class=\"stat-number\">552<\/span>\n        <span class=\"stat-label\">Yay\u0131nlanan Makaleler<\/span>\n      <\/div>\n      <div class=\"stat-card\">\n        <span class=\"stat-number\">1,104<\/span>\n        <span class=\"stat-label\">Ula\u015f\u0131lan Okuyucular<\/span>\n      <\/div>\n      <div class=\"stat-card\">\n        <span class=\"stat-number\">0<\/span>\n        <span class=\"stat-label\">El eme\u011fiyle yap\u0131lan i\u015f saatleri<\/span>\n      <\/div>\n    <\/div>\n    \n    <p>Haftada 20 saat s\u00fcren fiziksel eme\u011finden, g\u00fcnde birka\u00e7 kez telefonundan &quot;Onayla&quot; tu\u015funa basmaya kadar her \u015feyi halletti. Medya i\u015fini onun yerine y\u00fcr\u00fcten bir makine kurmay\u0131 ba\u015fard\u0131.<\/p>\n    \n    <p>\u0130\u015fte o zaman ger\u00e7e\u011fi anlad\u0131: <strong>Kendi hayalini kurtarmak i\u00e7in kurdu\u011fu sistem, asl\u0131nda ortaya \u00e7\u0131kan \u00fcr\u00fcnd\u00fc.<\/strong> As\u0131l i\u015f hip-hop haber sitesi de\u011fildi; as\u0131l i\u015f, siteyi \u00e7al\u0131\u015ft\u0131ran motordu.<\/p>\n    \n    <p style=\"font-size: 24px; font-weight: 700; color: #7c3aed; text-align: center; margin-top: 40px;\">Pulseroom.io do\u011fdu.<\/p>\n  <\/div>\n  \n  <!-- Mission Section -->\n  <div class=\"about-section\">\n    <h2>Misyonumuz: Yarat\u0131c\u0131lara Zamanlar\u0131n\u0131 Geri Kazand\u0131rmak<\/h2>\n    <p>\u0130\u00e7erik olu\u015fturman\u0131n \u00f6l\u00e7ek ve ak\u0131l sa\u011fl\u0131\u011f\u0131 aras\u0131nda bir se\u00e7im olmamas\u0131 gerekti\u011fine inan\u0131yoruz. Ba\u015far\u0131l\u0131 bir medya markas\u0131 olu\u015fturmak i\u00e7in bir yazar ordusu i\u015fe alman\u0131z veya haftada 80 saat \u00e7al\u0131\u015fman\u0131z gerekmemeli.<\/p>\n    \n    <p><strong>Misyonumuz, i\u00e7erik \u00fcreticilerine, medya \u015firketlerine ve ajanslara, y\u00fcksek maliyetler olmadan tam te\u015fekk\u00fcll\u00fc bir haber merkezinin g\u00fcc\u00fcn\u00fc sunmakt\u0131r.<\/strong><\/p>\n    \n    <p>Bunu g\u00fc\u00e7l\u00fc bir \u00e7\u00f6z\u00fcm sunarak yap\u0131yoruz. <strong>Yapay zeka i\u00e7erik otomasyon platformu<\/strong> Bu, \u015funlar\u0131 ele al\u0131r:<\/p>\n    \n    <div class=\"feature-list\">\n      <div class=\"feature-item\">\n        <strong>\u0130\u00e7erik Kayna\u011f\u0131<\/strong>\n        Herhangi bir API&#039;den, blogdan veya sosyal medya ak\u0131\u015f\u0131ndan.\n      <\/div>\n      <div class=\"feature-item\">\n        <strong>Yapay Zeka \u00dcretimi ve Yeniden Yaz\u0131m\u0131<\/strong>\n        Markan\u0131zla uyumlu, benzersiz i\u00e7erikler olu\u015fturmak dakikalar i\u00e7inde.\n      <\/div>\n      <div class=\"feature-item\">\n        <strong>\u00c7ok Dilli \u00c7eviri<\/strong>\n        K\u00fcresel kitlelere zahmetsizce ula\u015fmak (Hollandaca ve \u0130ngilizce ile ba\u015flad\u0131k, \u015fimdi 6&#039;dan fazla dili destekliyoruz).\n      <\/div>\n      <div class=\"feature-item\">\n        <strong>\u0130nsan Kat\u0131l\u0131ml\u0131 Onay<\/strong>\n        Son s\u00f6z her zaman sizindir, nerede olursan\u0131z olun.\n      <\/div>\n      <div class=\"feature-item\">\n        <strong>\u00c7ok Platformlu Yay\u0131nc\u0131l\u0131k<\/strong>\n        WordPress, LinkedIn, X ve daha fazlas\u0131na tek t\u0131klamayla yay\u0131nlama.\n      <\/div>\n    <\/div>\n    \n    <p>Kendimiz i\u00e7in imkans\u0131z bir sorunu \u00e7\u00f6zmek amac\u0131yla Pulseroom&#039;u geli\u015ftirdik. \u015eimdi bunu d\u00fcnyayla payla\u015f\u0131yoruz.<\/p>\n  <\/div>\n  \n  <!-- Founder Card -->\n  <div class=\"founder-card\">\n    <img decoding=\"async\" src=\"https:\/\/www.pulseroom.io\/wp-content\/uploads\/2025\/11\/jerome1.jpg\" width=\"500\" alt=\"Jerome Levy, Founder of Pulseroom.io\" class=\"founder-image\">\n    <div class=\"founder-info\">\n      <h3>Jerome Levy ile tan\u0131\u015f\u0131n<\/h3>\n      <p><strong>Pulseroom.io&#039;nun Kurucusu ve Ba\u015f Mimar\u0131<\/strong><\/p>\n      <p>B\u00fcy\u00fck i\u015fletmelerde 15 y\u0131l\u0131 a\u015fk\u0131n k\u0131demli sistem m\u00fchendisi deneyimiyle Jerome, otomasyon, g\u00fcvenlik ve \u00f6l\u00e7eklenebilir altyap\u0131 konular\u0131ndaki derin bilgi birikimini i\u00e7erik olu\u015fturma d\u00fcnyas\u0131na ta\u015f\u0131yor. Ayr\u0131ca ROTZ Media Services ve HouHetZout.nl&#039;nin kurucusudur. Otomatik medyan\u0131n gelece\u011fini \u015fekillendirmekle me\u015fgul olmad\u0131\u011f\u0131 zamanlarda, Amsterdam&#039;da e\u015fi ve d\u00f6rt \u00e7ocu\u011fuyla vakit ge\u00e7iriyor.<\/p>\n    <\/div>\n  <\/div>\n  \n  <!-- CTA Section -->\n  <div class=\"cta-section\">\n    <h3>\u0130\u00e7eri\u011finizi \u00f6l\u00e7eklendirmeye haz\u0131r m\u0131s\u0131n\u0131z?<\/h3>\n    <p style=\"color: rgba(255,255,255,0.95); font-size: 18px; margin-bottom: 30px;\">E\u011fer manuel i\u015flerden b\u0131kt\u0131ysan\u0131z ve ger\u00e7ek i\u00e7erik otomasyonunun i\u015fletmeniz i\u00e7in neler yapabilece\u011fini g\u00f6rmek istiyorsan\u0131z, Pulseroom&#039;u yak\u0131ndan incelemeye davet ediyoruz.<\/p>\n    <div class=\"cta-buttons\">\n      <a href=\"\/tr\/book-a-demo\/\" class=\"cta-button cta-button-primary\">\u00dccretsiz Demo Rezervasyonu Yap\u0131n<\/a>\n      <a href=\"\/tr\/pricing\/\" class=\"cta-button cta-button-secondary\">Fiyatlar\u0131m\u0131z\u0131 inceleyin<\/a>\n    <\/div>\n  <\/div>\n  \n<\/div>\t\t\t\t<\/div>\n\t\t\t\t<\/div>\n\t\t\t\t<\/div>","protected":false},"excerpt":{"rendered":"<p>A few words aboutour founder and company It all started with a simple, impossible problem: how do you build a media empire in your spare time,<span class=\"excerpt-hellip\"> [\u2026]<\/span><\/p>","protected":false},"author":1,"featured_media":0,"parent":0,"menu_order":0,"comment_status":"open","ping_status":"closed","template":"","meta":{"footnotes":""},"class_list":["post-8","page","type-page","status-publish","hentry"],"_links":{"self":[{"href":"https:\/\/www.pulseroom.io\/tr\/wp-json\/wp\/v2\/pages\/8","targetHints":{"allow":["GET"]}}],"collection":[{"href":"https:\/\/www.pulseroom.io\/tr\/wp-json\/wp\/v2\/pages"}],"about":[{"href":"https:\/\/www.pulseroom.io\/tr\/wp-json\/wp\/v2\/types\/page"}],"author":[{"embeddable":true,"href":"https:\/\/www.pulseroom.io\/tr\/wp-json\/wp\/v2\/users\/1"}],"replies":[{"embeddable":true,"href":"https:\/\/www.pulseroom.io\/tr\/wp-json\/wp\/v2\/comments?post=8"}],"version-history":[{"count":18,"href":"https:\/\/www.pulseroom.io\/tr\/wp-json\/wp\/v2\/pages\/8\/revisions"}],"predecessor-version":[{"id":319,"href":"https:\/\/www.pulseroom.io\/tr\/wp-json\/wp\/v2\/pages\/8\/revisions\/319"}],"wp:attachment":[{"href":"https:\/\/www.pulseroom.io\/tr\/wp-json\/wp\/v2\/media?parent=8"}],"curies":[{"name":"wp","href":"https:\/\/api.w.org\/{rel}","templated":true}]}}