{"id":8,"date":"2019-09-09T11:07:11","date_gmt":"2019-09-09T11:07:11","guid":{"rendered":"https:\/\/themes.muffingroup.com\/be\/hosting3\/?page_id=8"},"modified":"2025-11-10T22:36:54","modified_gmt":"2025-11-10T21:36:54","slug":"about-us","status":"publish","type":"page","link":"https:\/\/www.pulseroom.io\/pt\/about-us\/","title":{"rendered":"Sobre n\u00f3s"},"content":{"rendered":"<div data-elementor-type=\"wp-page\" data-elementor-id=\"8\" class=\"elementor elementor-8\" data-elementor-post-type=\"page\">\n\t\t\t\t\t\t<section class=\"elementor-section elementor-top-section elementor-element elementor-element-455d67c elementor-section-stretched elementor-section-boxed elementor-section-height-default elementor-section-height-default\" data-id=\"455d67c\" data-element_type=\"section\" data-settings=\"{&quot;stretch_section&quot;:&quot;section-stretched&quot;,&quot;background_background&quot;:&quot;classic&quot;}\">\n\t\t\t\t\t\t<div class=\"elementor-container elementor-column-gap-wider\">\n\t\t\t\t\t<div class=\"elementor-column elementor-col-100 elementor-top-column elementor-element elementor-element-2dff1bf\" data-id=\"2dff1bf\" data-element_type=\"column\">\n\t\t\t<div class=\"elementor-widget-wrap elementor-element-populated\">\n\t\t\t\t\t\t<section class=\"elementor-section elementor-inner-section elementor-element elementor-element-4156551 elementor-section-boxed elementor-section-height-default elementor-section-height-default\" data-id=\"4156551\" data-element_type=\"section\">\n\t\t\t\t\t\t<div class=\"elementor-container elementor-column-gap-default\">\n\t\t\t\t\t<div class=\"elementor-column elementor-col-100 elementor-inner-column elementor-element elementor-element-be685f7\" data-id=\"be685f7\" data-element_type=\"column\">\n\t\t\t<div class=\"elementor-widget-wrap elementor-element-populated\">\n\t\t\t\t\t\t<div class=\"elementor-element elementor-element-4df0585 elementor-widget elementor-widget-text-editor\" data-id=\"4df0585\" data-element_type=\"widget\" data-widget_type=\"text-editor.default\">\n\t\t\t\t\t\t\t\t\t<h1><span style=\"color: #ffffff;\">Algumas palavras<\/span> <span class=\"themecolor\" style=\"border-bottom: 4px solid #d0098d;\">sobre<br \/>nosso fundador e empresa<\/span><\/h1>\t\t\t\t\t\t\t\t<\/div>\n\t\t\t\t\t<\/div>\n\t\t<\/div>\n\t\t\t\t\t<\/div>\n\t\t<\/section>\n\t\t\t\t\t<\/div>\n\t\t<\/div>\n\t\t\t\t\t<\/div>\n\t\t<\/section>\n\t\t<div class=\"elementor-element elementor-element-6d799ad e-con-full e-flex e-con e-parent\" data-id=\"6d799ad\" data-element_type=\"container\">\n\t\t\t\t<div class=\"elementor-element elementor-element-ad226ca elementor-widget elementor-widget-html\" data-id=\"ad226ca\" data-element_type=\"widget\" data-widget_type=\"html.default\">\n\t\t\t\t\t<style>\n  .about-container {\n    max-width: 1200px;\n    margin: 0 auto;\n    padding: 40px 20px;\n    font-family: -apple-system, BlinkMacSystemFont, 'Segoe UI', Roboto, Oxygen, Ubuntu, Cantarell, sans-serif;\n    line-height: 1.8;\n    color: #333;\n  }\n  \n  .about-hero {\n    font-size: 28px;\n    font-weight: 700;\n    line-height: 1.4;\n    margin-bottom: 40px;\n    color: #1a1a1a;\n    border-left: 5px solid #7c3aed;\n    padding-left: 25px;\n    font-style: italic;\n  }\n  \n  .about-section {\n    margin-bottom: 50px;\n  }\n  \n  .about-section h2 {\n    font-size: 32px;\n    font-weight: 700;\n    margin-bottom: 20px;\n    color: #1a1a1a;\n    position: relative;\n    padding-bottom: 15px;\n  }\n  \n  .about-section h2:after {\n    content: '';\n    position: absolute;\n    bottom: 0;\n    left: 0;\n    width: 60px;\n    height: 4px;\n    background: linear-gradient(90deg, #7c3aed, #ec4899);\n    border-radius: 2px;\n  }\n  \n  .about-section p {\n    font-size: 18px;\n    margin-bottom: 20px;\n    color: #4a5568;\n  }\n  \n  .quote-block {\n    background: linear-gradient(135deg, #667eea 0%, #764ba2 100%);\n    color: white;\n    padding: 30px 40px;\n    border-radius: 12px;\n    margin: 40px 0;\n    font-size: 20px;\n    font-style: italic;\n    line-height: 1.6;\n    box-shadow: 0 10px 30px rgba(0,0,0,0.1);\n  }\n  \n  .quote-block p {\n    color: white;\n    margin: 0;\n  }\n  \n  .stats-grid {\n    display: grid;\n    grid-template-columns: repeat(auto-fit, minmax(250px, 1fr));\n    gap: 30px;\n    margin: 40px 0;\n  }\n  \n  .stat-card {\n    background: linear-gradient(135deg, #f5f7fa 0%, #c3cfe2 100%);\n    padding: 30px;\n    border-radius: 12px;\n    text-align: center;\n    box-shadow: 0 5px 15px rgba(0,0,0,0.08);\n    transition: transform 0.3s ease;\n  }\n  \n  .stat-card:hover {\n    transform: translateY(-5px);\n  }\n  \n  .stat-number {\n    font-size: 48px;\n    font-weight: 800;\n    color: #7c3aed;\n    margin-bottom: 10px;\n    display: block;\n  }\n  \n  .stat-label {\n    font-size: 16px;\n    color: #4a5568;\n    font-weight: 600;\n  }\n  \n  .feature-list {\n    display: grid;\n    grid-template-columns: repeat(auto-fit, minmax(280px, 1fr));\n    gap: 25px;\n    margin: 30px 0;\n  }\n  \n  .feature-item {\n    background: white;\n    padding: 25px;\n    border-radius: 10px;\n    border-left: 4px solid #7c3aed;\n    box-shadow: 0 3px 10px rgba(0,0,0,0.05);\n  }\n  \n  .feature-item strong {\n    color: #7c3aed;\n    font-size: 18px;\n    display: block;\n    margin-bottom: 8px;\n  }\n  \n  .founder-card {\n    background: linear-gradient(135deg, #667eea 0%, #764ba2 100%);\n    color: white;\n    padding: 40px;\n    border-radius: 15px;\n    margin: 40px 0;\n    display: flex;\n    align-items: center;\n    gap: 30px;\n    box-shadow: 0 15px 40px rgba(0,0,0,0.15);\n  }\n  \n  .founder-image {\n    width: 150px;\n    height: 150px;\n    border-radius: 50%;\n    border: 5px solid white;\n    object-fit: cover;\n    flex-shrink: 0;\n  }\n  \n  .founder-info h3 {\n    font-size: 28px;\n    margin-bottom: 10px;\n    color: white;\n  }\n  \n  .founder-info p {\n    color: rgba(255,255,255,0.95);\n    font-size: 16px;\n    line-height: 1.6;\n    margin: 0;\n  }\n  \n  .cta-section {\n    background: linear-gradient(135deg, #667eea 0%, #764ba2 100%);\n    padding: 50px;\n    border-radius: 15px;\n    text-align: center;\n    margin-top: 60px;\n    box-shadow: 0 15px 40px rgba(0,0,0,0.15);\n  }\n  \n  .cta-section h3 {\n    font-size: 32px;\n    color: white;\n    margin-bottom: 30px;\n  }\n  \n  .cta-buttons {\n    display: flex;\n    gap: 20px;\n    justify-content: center;\n    flex-wrap: wrap;\n  }\n  \n  .cta-button {\n    display: inline-block;\n    padding: 15px 40px;\n    font-size: 18px;\n    font-weight: 600;\n    text-decoration: none;\n    border-radius: 8px;\n    transition: all 0.3s ease;\n  }\n  \n  .cta-button-primary {\n    background: white;\n    color: #7c3aed;\n  }\n  \n  .cta-button-primary:hover {\n    background: #f5f5f5;\n    transform: translateY(-2px);\n    box-shadow: 0 5px 15px rgba(0,0,0,0.2);\n  }\n  \n  .cta-button-secondary {\n    background: transparent;\n    color: white;\n    border: 2px solid white;\n  }\n  \n  .cta-button-secondary:hover {\n    background: rgba(255,255,255,0.1);\n    transform: translateY(-2px);\n  }\n  \n  @media (max-width: 768px) {\n    .about-hero {\n      font-size: 22px;\n    }\n    \n    .about-section h2 {\n      font-size: 26px;\n    }\n    \n    .founder-card {\n      flex-direction: column;\n      text-align: center;\n    }\n    \n    .cta-section {\n      padding: 30px 20px;\n    }\n    \n    .cta-buttons {\n      flex-direction: column;\n    }\n    \n    .cta-button {\n      width: 100%;\n    }\n  }\n<\/style>\n\n<div class=\"about-container\">\n  \n  <!-- Hero Statement -->\n  <div class=\"about-hero\">\n    Tudo come\u00e7ou com um problema simples, por\u00e9m imposs\u00edvel: como construir um imp\u00e9rio da m\u00eddia no tempo livre, enquanto se trabalha em um emprego exigente em tempo integral e se cria quatro filhos?\n  <\/div>\n  \n  <!-- The Founder Section -->\n  <div class=\"about-section\">\n    <h2>O Fundador, o Pai, o Cabe\u00e7a de Hip-Hop<\/h2>\n    <p>Durante o dia, Jerome \u00e9 Engenheiro S\u00eanior de DevOps\/Sistemas em uma grande empresa europeia. Seu trabalho \u00e9 construir e gerenciar infraestruturas complexas e de miss\u00e3o cr\u00edtica. \u00c9 um mundo de precis\u00e3o, seguran\u00e7a e altos riscos.<\/p>\n    \n    <p>Depois do trabalho, ele \u00e9 pai de quatro filhos. Um papel que exige um tipo diferente de precis\u00e3o, seguran\u00e7a e responsabilidades ainda maiores.<\/p>\n    \n    <p>E nos breves intervalos de tempo, ele perseguia uma paix\u00e3o que o acompanhava desde a adolesc\u00eancia: <strong>cultura hip-hop<\/strong>.<\/p>\n    \n    <p>N\u00e3o apenas a m\u00fasica \u2014 embora ele seja f\u00e3 desde os anos 90 \u2014 mas todo o ecossistema. Os artistas, as hist\u00f3rias, a comunidade, a cultura. Jerome queria criar uma plataforma que celebrasse o hip-hop holand\u00eas e lhe desse a visibilidade que merecia.<\/p>\n    \n    <p>Ent\u00e3o ele lan\u00e7ou <strong><a href=\"https:\/\/houhetzout.nl\" target=\"_blank\" style=\"color: #7c3aed; text-decoration: none;\">HouHetZout.nl<\/a><\/strong>, um site de not\u00edcias em holand\u00eas dedicado ao hip-hop, \u00e0 cultura urbana e tudo o que h\u00e1 entre eles. A vis\u00e3o era clara. A execu\u00e7\u00e3o? Esse era o problema.<\/p>\n  <\/div>\n  \n  <!-- The Problem Section -->\n  <div class=\"about-section\">\n    <h2>O Problema: Paix\u00e3o Encontra a Realidade<\/h2>\n    \n    <div class=\"quote-block\">\n      <p>\"&quot;Eu passava cada minuto livre criando conte\u00fado manualmente. Buscava not\u00edcias, reescrevia artigos, traduzia-os, criava posts para redes sociais, publicava no WordPress... era uma quantidade de trabalho manual exaustiva. Eu dedicava 20 horas por semana para produzir talvez 10 a 15 artigos. N\u00e3o era escal\u00e1vel. Eu estava caminhando a passos largos para a exaust\u00e3o, e meu sonho de construir um neg\u00f3cio de m\u00eddia estava se desfazendo.&quot;\"<\/p>\n    <\/div>\n    \n    <p>Ele sabia que tinha que haver uma maneira melhor. Seu lado engenheiro entrou em a\u00e7\u00e3o. Os sistemas que ele constru\u00eda em seu trabalho di\u00e1rio eram todos focados em automa\u00e7\u00e3o, efici\u00eancia e escalabilidade. Por que os mesmos princ\u00edpios n\u00e3o poderiam ser aplicados ao conte\u00fado?<\/p>\n    \n    <p>A quest\u00e3o passou a ser: <strong>E se eu pudesse construir uma m\u00e1quina para gerenciar minha reda\u00e7\u00e3o para mim?<\/strong><\/p>\n  <\/div>\n  \n  <!-- The Solution Section -->\n  <div class=\"about-section\">\n    <h2>A solu\u00e7\u00e3o: construir a m\u00e1quina<\/h2>\n    <p>Jerome n\u00e3o queria automatizar apenas uma parte do processo. Ele queria automatizar todo o processo. <strong>tudo<\/strong>. Ele idealizou um sistema \u00fanico e unificado \u2014 um verdadeiro <strong>Plataforma de automa\u00e7\u00e3o de conte\u00fado com IA<\/strong>\u2014que pudesse lidar com todo o fluxo de trabalho do in\u00edcio ao fim.<\/p>\n    \n    <p>Utilizando sua experi\u00eancia em arquitetura de sistemas e integra\u00e7\u00e3o de APIs, ele come\u00e7ou a construir. Ele conectou:<\/p>\n    \n    <div class=\"feature-list\">\n      <div class=\"feature-item\">\n        <strong>Fontes de conte\u00fado<\/strong>\n        APIs de ve\u00edculos de not\u00edcias, blogs e feeds de m\u00eddias sociais.\n      <\/div>\n      <div class=\"feature-item\">\n        <strong>N\u00facleo de IA<\/strong>\n        Os mais recentes modelos de linguagem de grande escala (como os da OpenAI) para reescrever, resumir e traduzir.\n      <\/div>\n      <div class=\"feature-item\">\n        <strong>Fluxo de trabalho de aprova\u00e7\u00e3o<\/strong>\n        Um sistema personalizado que utiliza Telegram e WhatsApp, permitindo-lhe aprovar ou rejeitar artigos a partir do seu telem\u00f3vel com um \u00fanico toque.\n      <\/div>\n      <div class=\"feature-item\">\n        <strong>Motor de publica\u00e7\u00e3o<\/strong>\n        Integra\u00e7\u00f5es com WordPress, LinkedIn, Twitter e outras plataformas.\n      <\/div>\n    <\/div>\n    \n    <p>Ele chamou isso de <strong>Sala de pulso<\/strong>.<\/p>\n    \n    <p>N\u00e3o era apenas uma ferramenta; era uma reda\u00e7\u00e3o totalmente automatizada, de ponta a ponta. Uma m\u00e1quina constru\u00edda para resolver seu pr\u00f3prio problema aparentemente imposs\u00edvel.<\/p>\n  <\/div>\n  \n  <!-- The Proof Section -->\n  <div class=\"about-section\">\n    <h2>A prova: resultados reais, zero trabalho manual.<\/h2>\n    <p>Com o motor do Pulseroom em execu\u00e7\u00e3o, Jerome o direcionou para HouHetZout.nl. Os resultados foram impressionantes.<\/p>\n    \n    <div class=\"stats-grid\">\n      <div class=\"stat-card\">\n        <span class=\"stat-number\">552<\/span>\n        <span class=\"stat-label\">Artigos Publicados<\/span>\n      <\/div>\n      <div class=\"stat-card\">\n        <span class=\"stat-number\">1,104<\/span>\n        <span class=\"stat-label\">Leitores alcan\u00e7ados<\/span>\n      <\/div>\n      <div class=\"stat-card\">\n        <span class=\"stat-number\">0<\/span>\n        <span class=\"stat-label\">Horas de trabalho manual<\/span>\n      <\/div>\n    <\/div>\n    \n    <p>Ele passou de 20 horas semanais de trabalho bra\u00e7al para simplesmente tocar em &quot;Aprovar&quot; no celular algumas vezes por dia. Ele havia constru\u00eddo com sucesso uma m\u00e1quina que administrava seu neg\u00f3cio de m\u00eddia para ele.<\/p>\n    \n    <p>Foi ent\u00e3o que ele percebeu a verdade: <strong>O sistema que ele construiu para salvar seu pr\u00f3prio sonho foi o produto final.<\/strong> O verdadeiro neg\u00f3cio n\u00e3o era o site de not\u00edcias de hip-hop; era o motor que o impulsionava.<\/p>\n    \n    <p style=\"font-size: 24px; font-weight: 700; color: #7c3aed; text-align: center; margin-top: 40px;\">Assim nasceu o Pulseroom.io.<\/p>\n  <\/div>\n  \n  <!-- Mission Section -->\n  <div class=\"about-section\">\n    <h2>Nossa miss\u00e3o: devolver o tempo aos criadores.<\/h2>\n    <p>Acreditamos que a cria\u00e7\u00e3o de conte\u00fado n\u00e3o deveria ser uma escolha entre escala e sanidade. Voc\u00ea n\u00e3o deveria precisar contratar um ex\u00e9rcito de redatores ou trabalhar 80 horas por semana para construir uma marca de m\u00eddia de sucesso.<\/p>\n    \n    <p><strong>Nossa miss\u00e3o \u00e9 dar aos criadores, empresas de m\u00eddia e ag\u00eancias o poder de uma reda\u00e7\u00e3o completa, sem os custos fixos.<\/strong><\/p>\n    \n    <p>Fazemos isso fornecendo uma poderosa <strong>Plataforma de automa\u00e7\u00e3o de conte\u00fado com IA<\/strong> que lida com:<\/p>\n    \n    <div class=\"feature-list\">\n      <div class=\"feature-item\">\n        <strong>Obten\u00e7\u00e3o de conte\u00fado<\/strong>\n        De qualquer API, blog ou feed de redes sociais.\n      <\/div>\n      <div class=\"feature-item\">\n        <strong>Gera\u00e7\u00e3o e reescrita de IA<\/strong>\n        Crie conte\u00fado exclusivo e alinhado \u00e0 sua marca em minutos.\n      <\/div>\n      <div class=\"feature-item\">\n        <strong>Tradu\u00e7\u00e3o multil\u00edngue<\/strong>\n        Alcan\u00e7ando p\u00fablicos globais sem esfor\u00e7o (come\u00e7amos com holand\u00eas e ingl\u00eas, agora oferecemos suporte a mais de 6 idiomas).\n      <\/div>\n      <div class=\"feature-item\">\n        <strong>Aprova\u00e7\u00e3o com interven\u00e7\u00e3o humana<\/strong>\n        Voc\u00ea sempre tem a palavra final, de qualquer lugar.\n      <\/div>\n      <div class=\"feature-item\">\n        <strong>Publica\u00e7\u00e3o multiplataforma<\/strong>\n        Publica\u00e7\u00e3o com um clique no WordPress, LinkedIn, X e muito mais.\n      <\/div>\n    <\/div>\n    \n    <p>Criamos o Pulseroom para resolver um problema que era imposs\u00edvel para n\u00f3s mesmos. Agora, estamos compartilhando-o com o mundo.<\/p>\n  <\/div>\n  \n  <!-- Founder Card -->\n  <div class=\"founder-card\">\n    <img decoding=\"async\" src=\"https:\/\/www.pulseroom.io\/wp-content\/uploads\/2025\/11\/jerome1.jpg\" width=\"500\" alt=\"Jerome Levy, Founder of Pulseroom.io\" class=\"founder-image\">\n    <div class=\"founder-info\">\n      <h3>Conhe\u00e7a Jerome Levy<\/h3>\n      <p><strong>Fundador e arquiteto-chefe do Pulseroom.io<\/strong><\/p>\n      <p>Com mais de 15 anos de experi\u00eancia como engenheiro de sistemas s\u00eanior em grandes empresas, Jerome traz um profundo conhecimento de automa\u00e7\u00e3o, seguran\u00e7a e infraestrutura escal\u00e1vel para o mundo da cria\u00e7\u00e3o de conte\u00fado. Ele tamb\u00e9m \u00e9 o fundador da ROTZ Media Services e da HouHetZout.nl. Quando n\u00e3o est\u00e1 construindo o futuro da m\u00eddia automatizada, ele passa tempo com sua esposa e quatro filhos em Amsterd\u00e3.<\/p>\n    <\/div>\n  <\/div>\n  \n  <!-- CTA Section -->\n  <div class=\"cta-section\">\n    <h3>Pronto para expandir seu conte\u00fado?<\/h3>\n    <p style=\"color: rgba(255,255,255,0.95); font-size: 18px; margin-bottom: 30px;\">Se voc\u00ea est\u00e1 cansado do trabalho manual e pronto para ver o que a verdadeira automa\u00e7\u00e3o de conte\u00fado pode fazer pelo seu neg\u00f3cio, convidamos voc\u00ea a ver o Pulseroom em a\u00e7\u00e3o.<\/p>\n    <div class=\"cta-buttons\">\n      <a href=\"\/pt\/book-a-demo\/\" class=\"cta-button cta-button-primary\">Agende uma demonstra\u00e7\u00e3o gratuita<\/a>\n      <a href=\"\/pt\/pricing\/\" class=\"cta-button cta-button-secondary\">Veja nossos pre\u00e7os<\/a>\n    <\/div>\n  <\/div>\n  \n<\/div>\t\t\t\t<\/div>\n\t\t\t\t<\/div>\n\t\t\t\t<\/div>","protected":false},"excerpt":{"rendered":"<p>A few words aboutour founder and company It all started with a simple, impossible problem: how do you build a media empire in your spare time,<span class=\"excerpt-hellip\"> [\u2026]<\/span><\/p>","protected":false},"author":1,"featured_media":0,"parent":0,"menu_order":0,"comment_status":"open","ping_status":"closed","template":"","meta":{"footnotes":""},"class_list":["post-8","page","type-page","status-publish","hentry"],"_links":{"self":[{"href":"https:\/\/www.pulseroom.io\/pt\/wp-json\/wp\/v2\/pages\/8","targetHints":{"allow":["GET"]}}],"collection":[{"href":"https:\/\/www.pulseroom.io\/pt\/wp-json\/wp\/v2\/pages"}],"about":[{"href":"https:\/\/www.pulseroom.io\/pt\/wp-json\/wp\/v2\/types\/page"}],"author":[{"embeddable":true,"href":"https:\/\/www.pulseroom.io\/pt\/wp-json\/wp\/v2\/users\/1"}],"replies":[{"embeddable":true,"href":"https:\/\/www.pulseroom.io\/pt\/wp-json\/wp\/v2\/comments?post=8"}],"version-history":[{"count":18,"href":"https:\/\/www.pulseroom.io\/pt\/wp-json\/wp\/v2\/pages\/8\/revisions"}],"predecessor-version":[{"id":319,"href":"https:\/\/www.pulseroom.io\/pt\/wp-json\/wp\/v2\/pages\/8\/revisions\/319"}],"wp:attachment":[{"href":"https:\/\/www.pulseroom.io\/pt\/wp-json\/wp\/v2\/media?parent=8"}],"curies":[{"name":"wp","href":"https:\/\/api.w.org\/{rel}","templated":true}]}}