{"id":8,"date":"2019-09-09T11:07:11","date_gmt":"2019-09-09T11:07:11","guid":{"rendered":"https:\/\/themes.muffingroup.com\/be\/hosting3\/?page_id=8"},"modified":"2025-11-10T22:36:54","modified_gmt":"2025-11-10T21:36:54","slug":"about-us","status":"publish","type":"page","link":"https:\/\/www.pulseroom.io\/pl\/about-us\/","title":{"rendered":"O nas"},"content":{"rendered":"<div data-elementor-type=\"wp-page\" data-elementor-id=\"8\" class=\"elementor elementor-8\" data-elementor-post-type=\"page\">\n\t\t\t\t\t\t<section class=\"elementor-section elementor-top-section elementor-element elementor-element-455d67c elementor-section-stretched elementor-section-boxed elementor-section-height-default elementor-section-height-default\" data-id=\"455d67c\" data-element_type=\"section\" data-settings=\"{&quot;stretch_section&quot;:&quot;section-stretched&quot;,&quot;background_background&quot;:&quot;classic&quot;}\">\n\t\t\t\t\t\t<div class=\"elementor-container elementor-column-gap-wider\">\n\t\t\t\t\t<div class=\"elementor-column elementor-col-100 elementor-top-column elementor-element elementor-element-2dff1bf\" data-id=\"2dff1bf\" data-element_type=\"column\">\n\t\t\t<div class=\"elementor-widget-wrap elementor-element-populated\">\n\t\t\t\t\t\t<section class=\"elementor-section elementor-inner-section elementor-element elementor-element-4156551 elementor-section-boxed elementor-section-height-default elementor-section-height-default\" data-id=\"4156551\" data-element_type=\"section\">\n\t\t\t\t\t\t<div class=\"elementor-container elementor-column-gap-default\">\n\t\t\t\t\t<div class=\"elementor-column elementor-col-100 elementor-inner-column elementor-element elementor-element-be685f7\" data-id=\"be685f7\" data-element_type=\"column\">\n\t\t\t<div class=\"elementor-widget-wrap elementor-element-populated\">\n\t\t\t\t\t\t<div class=\"elementor-element elementor-element-4df0585 elementor-widget elementor-widget-text-editor\" data-id=\"4df0585\" data-element_type=\"widget\" data-widget_type=\"text-editor.default\">\n\t\t\t\t\t\t\t\t\t<h1><span style=\"color: #ffffff;\">Kilka s\u0142\u00f3w<\/span> <span class=\"themecolor\" style=\"border-bottom: 4px solid #d0098d;\">o<br \/>nasz za\u0142o\u017cyciel i firma<\/span><\/h1>\t\t\t\t\t\t\t\t<\/div>\n\t\t\t\t\t<\/div>\n\t\t<\/div>\n\t\t\t\t\t<\/div>\n\t\t<\/section>\n\t\t\t\t\t<\/div>\n\t\t<\/div>\n\t\t\t\t\t<\/div>\n\t\t<\/section>\n\t\t<div class=\"elementor-element elementor-element-6d799ad e-con-full e-flex e-con e-parent\" data-id=\"6d799ad\" data-element_type=\"container\">\n\t\t\t\t<div class=\"elementor-element elementor-element-ad226ca elementor-widget elementor-widget-html\" data-id=\"ad226ca\" data-element_type=\"widget\" data-widget_type=\"html.default\">\n\t\t\t\t\t<style>\n  .about-container {\n    max-width: 1200px;\n    margin: 0 auto;\n    padding: 40px 20px;\n    font-family: -apple-system, BlinkMacSystemFont, 'Segoe UI', Roboto, Oxygen, Ubuntu, Cantarell, sans-serif;\n    line-height: 1.8;\n    color: #333;\n  }\n  \n  .about-hero {\n    font-size: 28px;\n    font-weight: 700;\n    line-height: 1.4;\n    margin-bottom: 40px;\n    color: #1a1a1a;\n    border-left: 5px solid #7c3aed;\n    padding-left: 25px;\n    font-style: italic;\n  }\n  \n  .about-section {\n    margin-bottom: 50px;\n  }\n  \n  .about-section h2 {\n    font-size: 32px;\n    font-weight: 700;\n    margin-bottom: 20px;\n    color: #1a1a1a;\n    position: relative;\n    padding-bottom: 15px;\n  }\n  \n  .about-section h2:after {\n    content: '';\n    position: absolute;\n    bottom: 0;\n    left: 0;\n    width: 60px;\n    height: 4px;\n    background: linear-gradient(90deg, #7c3aed, #ec4899);\n    border-radius: 2px;\n  }\n  \n  .about-section p {\n    font-size: 18px;\n    margin-bottom: 20px;\n    color: #4a5568;\n  }\n  \n  .quote-block {\n    background: linear-gradient(135deg, #667eea 0%, #764ba2 100%);\n    color: white;\n    padding: 30px 40px;\n    border-radius: 12px;\n    margin: 40px 0;\n    font-size: 20px;\n    font-style: italic;\n    line-height: 1.6;\n    box-shadow: 0 10px 30px rgba(0,0,0,0.1);\n  }\n  \n  .quote-block p {\n    color: white;\n    margin: 0;\n  }\n  \n  .stats-grid {\n    display: grid;\n    grid-template-columns: repeat(auto-fit, minmax(250px, 1fr));\n    gap: 30px;\n    margin: 40px 0;\n  }\n  \n  .stat-card {\n    background: linear-gradient(135deg, #f5f7fa 0%, #c3cfe2 100%);\n    padding: 30px;\n    border-radius: 12px;\n    text-align: center;\n    box-shadow: 0 5px 15px rgba(0,0,0,0.08);\n    transition: transform 0.3s ease;\n  }\n  \n  .stat-card:hover {\n    transform: translateY(-5px);\n  }\n  \n  .stat-number {\n    font-size: 48px;\n    font-weight: 800;\n    color: #7c3aed;\n    margin-bottom: 10px;\n    display: block;\n  }\n  \n  .stat-label {\n    font-size: 16px;\n    color: #4a5568;\n    font-weight: 600;\n  }\n  \n  .feature-list {\n    display: grid;\n    grid-template-columns: repeat(auto-fit, minmax(280px, 1fr));\n    gap: 25px;\n    margin: 30px 0;\n  }\n  \n  .feature-item {\n    background: white;\n    padding: 25px;\n    border-radius: 10px;\n    border-left: 4px solid #7c3aed;\n    box-shadow: 0 3px 10px rgba(0,0,0,0.05);\n  }\n  \n  .feature-item strong {\n    color: #7c3aed;\n    font-size: 18px;\n    display: block;\n    margin-bottom: 8px;\n  }\n  \n  .founder-card {\n    background: linear-gradient(135deg, #667eea 0%, #764ba2 100%);\n    color: white;\n    padding: 40px;\n    border-radius: 15px;\n    margin: 40px 0;\n    display: flex;\n    align-items: center;\n    gap: 30px;\n    box-shadow: 0 15px 40px rgba(0,0,0,0.15);\n  }\n  \n  .founder-image {\n    width: 150px;\n    height: 150px;\n    border-radius: 50%;\n    border: 5px solid white;\n    object-fit: cover;\n    flex-shrink: 0;\n  }\n  \n  .founder-info h3 {\n    font-size: 28px;\n    margin-bottom: 10px;\n    color: white;\n  }\n  \n  .founder-info p {\n    color: rgba(255,255,255,0.95);\n    font-size: 16px;\n    line-height: 1.6;\n    margin: 0;\n  }\n  \n  .cta-section {\n    background: linear-gradient(135deg, #667eea 0%, #764ba2 100%);\n    padding: 50px;\n    border-radius: 15px;\n    text-align: center;\n    margin-top: 60px;\n    box-shadow: 0 15px 40px rgba(0,0,0,0.15);\n  }\n  \n  .cta-section h3 {\n    font-size: 32px;\n    color: white;\n    margin-bottom: 30px;\n  }\n  \n  .cta-buttons {\n    display: flex;\n    gap: 20px;\n    justify-content: center;\n    flex-wrap: wrap;\n  }\n  \n  .cta-button {\n    display: inline-block;\n    padding: 15px 40px;\n    font-size: 18px;\n    font-weight: 600;\n    text-decoration: none;\n    border-radius: 8px;\n    transition: all 0.3s ease;\n  }\n  \n  .cta-button-primary {\n    background: white;\n    color: #7c3aed;\n  }\n  \n  .cta-button-primary:hover {\n    background: #f5f5f5;\n    transform: translateY(-2px);\n    box-shadow: 0 5px 15px rgba(0,0,0,0.2);\n  }\n  \n  .cta-button-secondary {\n    background: transparent;\n    color: white;\n    border: 2px solid white;\n  }\n  \n  .cta-button-secondary:hover {\n    background: rgba(255,255,255,0.1);\n    transform: translateY(-2px);\n  }\n  \n  @media (max-width: 768px) {\n    .about-hero {\n      font-size: 22px;\n    }\n    \n    .about-section h2 {\n      font-size: 26px;\n    }\n    \n    .founder-card {\n      flex-direction: column;\n      text-align: center;\n    }\n    \n    .cta-section {\n      padding: 30px 20px;\n    }\n    \n    .cta-buttons {\n      flex-direction: column;\n    }\n    \n    .cta-button {\n      width: 100%;\n    }\n  }\n<\/style>\n\n<div class=\"about-container\">\n  \n  <!-- Hero Statement -->\n  <div class=\"about-hero\">\n    Wszystko zacz\u0119\u0142o si\u0119 od prostego, niemo\u017cliwego do rozwi\u0105zania problemu: jak zbudowa\u0107 imperium medialne w wolnym czasie, pracuj\u0105c jednocze\u015bnie na pe\u0142nym etacie i wychowuj\u0105c czw\u00f3rk\u0119 dzieci?\n  <\/div>\n  \n  <!-- The Founder Section -->\n  <div class=\"about-section\">\n    <h2>Za\u0142o\u017cyciel, Ojciec, G\u0142owa Hip-Hopu<\/h2>\n    <p>W ci\u0105gu dnia Jerome jest starszym in\u017cynierem ds. rozwoju i operacji\/system\u00f3w w du\u017cym europejskim przedsi\u0119biorstwie. Jego zadaniem jest budowanie i zarz\u0105dzanie z\u0142o\u017con\u0105 infrastruktur\u0105 o znaczeniu krytycznym. To \u015bwiat precyzji, bezpiecze\u0144stwa i wysokich stawek.<\/p>\n    \n    <p>Po pracy jest ojcem czw\u00f3rki dzieci. Rola, kt\u00f3ra wymaga innego rodzaju precyzji, bezpiecze\u0144stwa i jeszcze wi\u0119kszej stawki.<\/p>\n    \n    <p>A w mi\u0119dzyczasie oddawa\u0142 si\u0119 pasji, kt\u00f3ra towarzyszy\u0142a mu od lat nastoletnich: <strong>kultura hip-hopowa<\/strong>.<\/p>\n    \n    <p>Nie tylko muzyka \u2013 cho\u0107 jest jej fanem od lat 90. \u2013 ale ca\u0142y ekosystem. Arty\u015bci, historie, spo\u0142eczno\u015b\u0107, kultura. Jerome chcia\u0142 stworzy\u0107 platform\u0119, kt\u00f3ra celebrowa\u0142aby holenderski hip-hop i zapewni\u0142a mu nale\u017cny rozg\u0142os.<\/p>\n    \n    <p>Wi\u0119c wystartowa\u0142 <strong><a href=\"https:\/\/houhetzout.nl\" target=\"_blank\" style=\"color: #7c3aed; text-decoration: none;\">HouHetZout.nl<\/a><\/strong>, niderlandzkoj\u0119zyczny serwis informacyjny po\u015bwi\u0119cony hip-hopowi, kulturze miejskiej i wszystkiemu, co pomi\u0119dzy. Wizja by\u0142a jasna. Realizacja? To by\u0142 problem.<\/p>\n  <\/div>\n  \n  <!-- The Problem Section -->\n  <div class=\"about-section\">\n    <h2>Problem: pasja spotyka si\u0119 z rzeczywisto\u015bci\u0105<\/h2>\n    \n    <div class=\"quote-block\">\n      <p>\"Sp\u0119dza\u0142em ka\u017cd\u0105 woln\u0105 chwil\u0119 na r\u0119cznym tworzeniu tre\u015bci. Znajdowanie news\u00f3w, przepisywanie artyku\u0142\u00f3w, t\u0142umaczenie ich, tworzenie post\u00f3w w mediach spo\u0142eczno\u015bciowych, publikowanie w WordPressie\u2026 to by\u0142a masakryczna ilo\u015b\u0107 r\u0119cznej pracy. Sp\u0119dza\u0142em 20 godzin tygodniowo, \u017ceby stworzy\u0107 mo\u017ce 10-15 artyku\u0142\u00f3w. To nie by\u0142o skalowalne. Zmierza\u0142em prosto ku wypaleniu, a moje marzenie o zbudowaniu biznesu medialnego chyli\u0142o si\u0119 ku upadkowi\".\"<\/p>\n    <\/div>\n    \n    <p>Wiedzia\u0142, \u017ce musi istnie\u0107 lepszy spos\u00f3b. Jego in\u017cynierski umys\u0142 si\u0119 odezwa\u0142. Systemy, kt\u00f3re budowa\u0142 w swojej codziennej pracy, opiera\u0142y si\u0119 na automatyzacji, wydajno\u015bci i skalowalno\u015bci. Dlaczego te same zasady nie mog\u0142yby dotyczy\u0107 tre\u015bci?<\/p>\n    \n    <p>Pytanie brzmia\u0142o: <strong>A co je\u015bli m\u00f3g\u0142bym zbudowa\u0107 maszyn\u0119, kt\u00f3ra poprowadzi\u0142aby moj\u0105 redakcj\u0119 za mnie?<\/strong><\/p>\n  <\/div>\n  \n  <!-- The Solution Section -->\n  <div class=\"about-section\">\n    <h2>Rozwi\u0105zanie: zbudowanie maszyny<\/h2>\n    <p>Jerome nie chcia\u0142 zautomatyzowa\u0107 tylko jednej cz\u0119\u015bci procesu. Chcia\u0142 zautomatyzowa\u0107 <strong>wszystko<\/strong>. Wyobra\u017ca\u0142 sobie jeden, zunifikowany system \u2013 prawdziwy <strong>Platforma automatyzacji tre\u015bci AI<\/strong>\u2014kt\u00f3re mog\u0142oby obs\u0142u\u017cy\u0107 ca\u0142y proces pracy od pocz\u0105tku do ko\u0144ca.<\/p>\n    \n    <p>Wykorzystuj\u0105c swoj\u0105 wiedz\u0119 z zakresu architektury system\u00f3w i integracji API, zacz\u0105\u0142 budowa\u0107. Po\u0142\u0105czy\u0142:<\/p>\n    \n    <div class=\"feature-list\">\n      <div class=\"feature-item\">\n        <strong>\u0179r\u00f3d\u0142a tre\u015bci<\/strong>\n        Interfejsy API z serwis\u00f3w informacyjnych, blog\u00f3w i kana\u0142\u00f3w medi\u00f3w spo\u0142eczno\u015bciowych.\n      <\/div>\n      <div class=\"feature-item\">\n        <strong>Rdze\u0144 AI<\/strong>\n        Najnowsze du\u017ce modele j\u0119zykowe (takie jak te z OpenAI) do przepisywania, podsumowywania i t\u0142umaczenia.\n      <\/div>\n      <div class=\"feature-item\">\n        <strong>Przep\u0142yw pracy zatwierdzania<\/strong>\n        System stworzony specjalnie dla niego, wykorzystuj\u0105cy Telegram i WhatsApp, umo\u017cliwiaj\u0105cy mu zatwierdzanie lub odrzucanie artyku\u0142\u00f3w za pomoc\u0105 jednego dotkni\u0119cia w telefonie.\n      <\/div>\n      <div class=\"feature-item\">\n        <strong>Silnik wydawniczy<\/strong>\n        Integracje z WordPress, LinkedIn, Twitter i innymi platformami.\n      <\/div>\n    <\/div>\n    \n    <p>On to nazwa\u0142 <strong>Pulseroom<\/strong>.<\/p>\n    \n    <p>To nie by\u0142o tylko narz\u0119dzie; to by\u0142a w pe\u0142ni zautomatyzowana, kompleksowa redakcja. Maszyna zbudowana, by rozwi\u0105za\u0107 jego w\u0142asny, niemo\u017cliwy problem.<\/p>\n  <\/div>\n  \n  <!-- The Proof Section -->\n  <div class=\"about-section\">\n    <h2>Dow\u00f3d: Prawdziwe rezultaty, zero pracy r\u0119cznej<\/h2>\n    <p>Po uruchomieniu silnika Pulseroom Jerome skierowa\u0142 go na HouHetZout.nl. Wyniki by\u0142y osza\u0142amiaj\u0105ce.<\/p>\n    \n    <div class=\"stats-grid\">\n      <div class=\"stat-card\">\n        <span class=\"stat-number\">552<\/span>\n        <span class=\"stat-label\">Opublikowane artyku\u0142y<\/span>\n      <\/div>\n      <div class=\"stat-card\">\n        <span class=\"stat-number\">1,104<\/span>\n        <span class=\"stat-label\">Dotarli czytelnicy<\/span>\n      <\/div>\n      <div class=\"stat-card\">\n        <span class=\"stat-number\">0<\/span>\n        <span class=\"stat-label\">Godziny pracy fizycznej<\/span>\n      <\/div>\n    <\/div>\n    \n    <p>Przeszed\u0142 od 20 godzin pracy fizycznej tygodniowo do klikania \"Zatwierd\u017a\" na telefonie kilka razy dziennie. Uda\u0142o mu si\u0119 zbudowa\u0107 maszyn\u0119, kt\u00f3ra prowadzi\u0142a za niego jego biznes medialny.<\/p>\n    \n    <p>Wtedy zrozumia\u0142 prawd\u0119: <strong>system, kt\u00f3ry zbudowa\u0142, aby uratowa\u0107 swoje w\u0142asne marzenie, by\u0142 w rzeczywisto\u015bci produktem.<\/strong> Prawdziwym biznesem nie by\u0142a strona z wiadomo\u015bciami hip-hopowymi, lecz silnik, kt\u00f3ry j\u0105 nap\u0119dza\u0142.<\/p>\n    \n    <p style=\"font-size: 24px; font-weight: 700; color: #7c3aed; text-align: center; margin-top: 40px;\">Narodzi\u0142 si\u0119 Pulseroom.io.<\/p>\n  <\/div>\n  \n  <!-- Mission Section -->\n  <div class=\"about-section\">\n    <h2>Nasza misja: Przywr\u00f3ci\u0107 tw\u00f3rcom ich czas<\/h2>\n    <p>Wierzymy, \u017ce tworzenie tre\u015bci nie powinno by\u0107 wyborem mi\u0119dzy skal\u0105 a zdrowym rozs\u0105dkiem. Nie musisz zatrudnia\u0107 armii autor\u00f3w ani pracowa\u0107 po 80 godzin tygodniowo, aby zbudowa\u0107 udan\u0105 mark\u0119 medialn\u0105.<\/p>\n    \n    <p><strong>Nasz\u0105 misj\u0105 jest zapewnienie tw\u00f3rcom, firmom medialnym i agencjom mo\u017cliwo\u015bci pe\u0142nowymiarowej redakcji bez ponoszenia dodatkowych koszt\u00f3w.<\/strong><\/p>\n    \n    <p>Robimy to, zapewniaj\u0105c pot\u0119\u017cne <strong>Platforma automatyzacji tre\u015bci AI<\/strong> kt\u00f3ry obs\u0142uguje:<\/p>\n    \n    <div class=\"feature-list\">\n      <div class=\"feature-item\">\n        <strong>\u0179r\u00f3d\u0142a tre\u015bci<\/strong>\n        Z dowolnego interfejsu API, bloga lub kana\u0142u spo\u0142eczno\u015bciowego.\n      <\/div>\n      <div class=\"feature-item\">\n        <strong>Generowanie i przepisywanie sztucznej inteligencji<\/strong>\n        Tworzenie unikalnych tre\u015bci zgodnych z mark\u0105 w ci\u0105gu kilku minut.\n      <\/div>\n      <div class=\"feature-item\">\n        <strong>T\u0142umaczenie wieloj\u0119zyczne<\/strong>\n        Bezproblemowe dotarcie do odbiorc\u00f3w na ca\u0142ym \u015bwiecie (zaczynali\u015bmy od j\u0119zyka niderlandzkiego i angielskiego, teraz obs\u0142ugujemy ponad 6 j\u0119zyk\u00f3w).\n      <\/div>\n      <div class=\"feature-item\">\n        <strong>Zatwierdzenie z udzia\u0142em cz\u0142owieka<\/strong>\n        Ostatnie s\u0142owo zawsze nale\u017cy do Ciebie, niezale\u017cnie od tego, gdzie si\u0119 znajdujesz.\n      <\/div>\n      <div class=\"feature-item\">\n        <strong>Publikowanie wieloplatformowe<\/strong>\n        Publikowanie jednym klikni\u0119ciem w serwisach WordPress, LinkedIn, X i innych.\n      <\/div>\n    <\/div>\n    \n    <p>Stworzyli\u015bmy Pulseroom, aby rozwi\u0105za\u0107 dla siebie niemo\u017cliwy problem. Teraz dzielimy si\u0119 nim ze \u015bwiatem.<\/p>\n  <\/div>\n  \n  <!-- Founder Card -->\n  <div class=\"founder-card\">\n    <img decoding=\"async\" src=\"https:\/\/www.pulseroom.io\/wp-content\/uploads\/2025\/11\/jerome1.jpg\" width=\"500\" alt=\"Jerome Levy, Founder of Pulseroom.io\" class=\"founder-image\">\n    <div class=\"founder-info\">\n      <h3>Poznaj Jerome&#039;a Levy&#039;ego<\/h3>\n      <p><strong>Za\u0142o\u017cyciel i g\u0142\u00f3wny architekt Pulseroom.io<\/strong><\/p>\n      <p>Z ponad 15-letnim do\u015bwiadczeniem jako starszy in\u017cynier system\u00f3w w du\u017cych przedsi\u0119biorstwach, Jerome wnosi dog\u0142\u0119bn\u0105 wiedz\u0119 na temat automatyzacji, bezpiecze\u0144stwa i skalowalnej infrastruktury do \u015bwiata tworzenia tre\u015bci. Jest r\u00f3wnie\u017c za\u0142o\u017cycielem ROTZ Media Services i HouHetZout.nl. Kiedy nie buduje przysz\u0142o\u015bci zautomatyzowanych medi\u00f3w, sp\u0119dza czas z \u017con\u0105 i czw\u00f3rk\u0105 dzieci w Amsterdamie.<\/p>\n    <\/div>\n  <\/div>\n  \n  <!-- CTA Section -->\n  <div class=\"cta-section\">\n    <h3>Gotowy na skalowanie tre\u015bci?<\/h3>\n    <p style=\"color: rgba(255,255,255,0.95); font-size: 18px; margin-bottom: 30px;\">Je\u015bli masz ju\u017c do\u015b\u0107 r\u0119cznej pracy i chcesz zobaczy\u0107, co prawdziwa automatyzacja tre\u015bci mo\u017ce zrobi\u0107 dla Twojej firmy, zapraszamy do obejrzenia Pulseroom w akcji.<\/p>\n    <div class=\"cta-buttons\">\n      <a href=\"\/pl\/book-a-demo\/\" class=\"cta-button cta-button-primary\">Zarezerwuj bezp\u0142atn\u0105 wersj\u0119 demonstracyjn\u0105<\/a>\n      <a href=\"\/pl\/pricing\/\" class=\"cta-button cta-button-secondary\">Zobacz nasze ceny<\/a>\n    <\/div>\n  <\/div>\n  \n<\/div>\t\t\t\t<\/div>\n\t\t\t\t<\/div>\n\t\t\t\t<\/div>","protected":false},"excerpt":{"rendered":"<p>A few words aboutour founder and company It all started with a simple, impossible problem: how do you build a media empire in your spare time,<span class=\"excerpt-hellip\"> [\u2026]<\/span><\/p>","protected":false},"author":1,"featured_media":0,"parent":0,"menu_order":0,"comment_status":"open","ping_status":"closed","template":"","meta":{"footnotes":""},"class_list":["post-8","page","type-page","status-publish","hentry"],"_links":{"self":[{"href":"https:\/\/www.pulseroom.io\/pl\/wp-json\/wp\/v2\/pages\/8","targetHints":{"allow":["GET"]}}],"collection":[{"href":"https:\/\/www.pulseroom.io\/pl\/wp-json\/wp\/v2\/pages"}],"about":[{"href":"https:\/\/www.pulseroom.io\/pl\/wp-json\/wp\/v2\/types\/page"}],"author":[{"embeddable":true,"href":"https:\/\/www.pulseroom.io\/pl\/wp-json\/wp\/v2\/users\/1"}],"replies":[{"embeddable":true,"href":"https:\/\/www.pulseroom.io\/pl\/wp-json\/wp\/v2\/comments?post=8"}],"version-history":[{"count":18,"href":"https:\/\/www.pulseroom.io\/pl\/wp-json\/wp\/v2\/pages\/8\/revisions"}],"predecessor-version":[{"id":319,"href":"https:\/\/www.pulseroom.io\/pl\/wp-json\/wp\/v2\/pages\/8\/revisions\/319"}],"wp:attachment":[{"href":"https:\/\/www.pulseroom.io\/pl\/wp-json\/wp\/v2\/media?parent=8"}],"curies":[{"name":"wp","href":"https:\/\/api.w.org\/{rel}","templated":true}]}}