{"id":8,"date":"2019-09-09T11:07:11","date_gmt":"2019-09-09T11:07:11","guid":{"rendered":"https:\/\/themes.muffingroup.com\/be\/hosting3\/?page_id=8"},"modified":"2025-11-10T22:36:54","modified_gmt":"2025-11-10T21:36:54","slug":"about-us","status":"publish","type":"page","link":"https:\/\/www.pulseroom.io\/fr\/about-us\/","title":{"rendered":"A propos de nous"},"content":{"rendered":"<div data-elementor-type=\"wp-page\" data-elementor-id=\"8\" class=\"elementor elementor-8\" data-elementor-post-type=\"page\">\n\t\t\t\t\t\t<section class=\"elementor-section elementor-top-section elementor-element elementor-element-455d67c elementor-section-stretched elementor-section-boxed elementor-section-height-default elementor-section-height-default\" data-id=\"455d67c\" data-element_type=\"section\" data-settings=\"{&quot;stretch_section&quot;:&quot;section-stretched&quot;,&quot;background_background&quot;:&quot;classic&quot;}\">\n\t\t\t\t\t\t<div class=\"elementor-container elementor-column-gap-wider\">\n\t\t\t\t\t<div class=\"elementor-column elementor-col-100 elementor-top-column elementor-element elementor-element-2dff1bf\" data-id=\"2dff1bf\" data-element_type=\"column\">\n\t\t\t<div class=\"elementor-widget-wrap elementor-element-populated\">\n\t\t\t\t\t\t<section class=\"elementor-section elementor-inner-section elementor-element elementor-element-4156551 elementor-section-boxed elementor-section-height-default elementor-section-height-default\" data-id=\"4156551\" data-element_type=\"section\">\n\t\t\t\t\t\t<div class=\"elementor-container elementor-column-gap-default\">\n\t\t\t\t\t<div class=\"elementor-column elementor-col-100 elementor-inner-column elementor-element elementor-element-be685f7\" data-id=\"be685f7\" data-element_type=\"column\">\n\t\t\t<div class=\"elementor-widget-wrap elementor-element-populated\">\n\t\t\t\t\t\t<div class=\"elementor-element elementor-element-4df0585 elementor-widget elementor-widget-text-editor\" data-id=\"4df0585\" data-element_type=\"widget\" data-widget_type=\"text-editor.default\">\n\t\t\t\t\t\t\t\t\t<h1><span style=\"color: #ffffff;\">Quelques mots<\/span> <span class=\"themecolor\" style=\"border-bottom: 4px solid #d0098d;\">\u00e0 propos<br \/>notre fondateur et notre entreprise<\/span><\/h1>\t\t\t\t\t\t\t\t<\/div>\n\t\t\t\t\t<\/div>\n\t\t<\/div>\n\t\t\t\t\t<\/div>\n\t\t<\/section>\n\t\t\t\t\t<\/div>\n\t\t<\/div>\n\t\t\t\t\t<\/div>\n\t\t<\/section>\n\t\t<div class=\"elementor-element elementor-element-6d799ad e-con-full e-flex e-con e-parent\" data-id=\"6d799ad\" data-element_type=\"container\">\n\t\t\t\t<div class=\"elementor-element elementor-element-ad226ca elementor-widget elementor-widget-html\" data-id=\"ad226ca\" data-element_type=\"widget\" data-widget_type=\"html.default\">\n\t\t\t\t\t<style>\n  .about-container {\n    max-width: 1200px;\n    margin: 0 auto;\n    padding: 40px 20px;\n    font-family: -apple-system, BlinkMacSystemFont, 'Segoe UI', Roboto, Oxygen, Ubuntu, Cantarell, sans-serif;\n    line-height: 1.8;\n    color: #333;\n  }\n  \n  .about-hero {\n    font-size: 28px;\n    font-weight: 700;\n    line-height: 1.4;\n    margin-bottom: 40px;\n    color: #1a1a1a;\n    border-left: 5px solid #7c3aed;\n    padding-left: 25px;\n    font-style: italic;\n  }\n  \n  .about-section {\n    margin-bottom: 50px;\n  }\n  \n  .about-section h2 {\n    font-size: 32px;\n    font-weight: 700;\n    margin-bottom: 20px;\n    color: #1a1a1a;\n    position: relative;\n    padding-bottom: 15px;\n  }\n  \n  .about-section h2:after {\n    content: '';\n    position: absolute;\n    bottom: 0;\n    left: 0;\n    width: 60px;\n    height: 4px;\n    background: linear-gradient(90deg, #7c3aed, #ec4899);\n    border-radius: 2px;\n  }\n  \n  .about-section p {\n    font-size: 18px;\n    margin-bottom: 20px;\n    color: #4a5568;\n  }\n  \n  .quote-block {\n    background: linear-gradient(135deg, #667eea 0%, #764ba2 100%);\n    color: white;\n    padding: 30px 40px;\n    border-radius: 12px;\n    margin: 40px 0;\n    font-size: 20px;\n    font-style: italic;\n    line-height: 1.6;\n    box-shadow: 0 10px 30px rgba(0,0,0,0.1);\n  }\n  \n  .quote-block p {\n    color: white;\n    margin: 0;\n  }\n  \n  .stats-grid {\n    display: grid;\n    grid-template-columns: repeat(auto-fit, minmax(250px, 1fr));\n    gap: 30px;\n    margin: 40px 0;\n  }\n  \n  .stat-card {\n    background: linear-gradient(135deg, #f5f7fa 0%, #c3cfe2 100%);\n    padding: 30px;\n    border-radius: 12px;\n    text-align: center;\n    box-shadow: 0 5px 15px rgba(0,0,0,0.08);\n    transition: transform 0.3s ease;\n  }\n  \n  .stat-card:hover {\n    transform: translateY(-5px);\n  }\n  \n  .stat-number {\n    font-size: 48px;\n    font-weight: 800;\n    color: #7c3aed;\n    margin-bottom: 10px;\n    display: block;\n  }\n  \n  .stat-label {\n    font-size: 16px;\n    color: #4a5568;\n    font-weight: 600;\n  }\n  \n  .feature-list {\n    display: grid;\n    grid-template-columns: repeat(auto-fit, minmax(280px, 1fr));\n    gap: 25px;\n    margin: 30px 0;\n  }\n  \n  .feature-item {\n    background: white;\n    padding: 25px;\n    border-radius: 10px;\n    border-left: 4px solid #7c3aed;\n    box-shadow: 0 3px 10px rgba(0,0,0,0.05);\n  }\n  \n  .feature-item strong {\n    color: #7c3aed;\n    font-size: 18px;\n    display: block;\n    margin-bottom: 8px;\n  }\n  \n  .founder-card {\n    background: linear-gradient(135deg, #667eea 0%, #764ba2 100%);\n    color: white;\n    padding: 40px;\n    border-radius: 15px;\n    margin: 40px 0;\n    display: flex;\n    align-items: center;\n    gap: 30px;\n    box-shadow: 0 15px 40px rgba(0,0,0,0.15);\n  }\n  \n  .founder-image {\n    width: 150px;\n    height: 150px;\n    border-radius: 50%;\n    border: 5px solid white;\n    object-fit: cover;\n    flex-shrink: 0;\n  }\n  \n  .founder-info h3 {\n    font-size: 28px;\n    margin-bottom: 10px;\n    color: white;\n  }\n  \n  .founder-info p {\n    color: rgba(255,255,255,0.95);\n    font-size: 16px;\n    line-height: 1.6;\n    margin: 0;\n  }\n  \n  .cta-section {\n    background: linear-gradient(135deg, #667eea 0%, #764ba2 100%);\n    padding: 50px;\n    border-radius: 15px;\n    text-align: center;\n    margin-top: 60px;\n    box-shadow: 0 15px 40px rgba(0,0,0,0.15);\n  }\n  \n  .cta-section h3 {\n    font-size: 32px;\n    color: white;\n    margin-bottom: 30px;\n  }\n  \n  .cta-buttons {\n    display: flex;\n    gap: 20px;\n    justify-content: center;\n    flex-wrap: wrap;\n  }\n  \n  .cta-button {\n    display: inline-block;\n    padding: 15px 40px;\n    font-size: 18px;\n    font-weight: 600;\n    text-decoration: none;\n    border-radius: 8px;\n    transition: all 0.3s ease;\n  }\n  \n  .cta-button-primary {\n    background: white;\n    color: #7c3aed;\n  }\n  \n  .cta-button-primary:hover {\n    background: #f5f5f5;\n    transform: translateY(-2px);\n    box-shadow: 0 5px 15px rgba(0,0,0,0.2);\n  }\n  \n  .cta-button-secondary {\n    background: transparent;\n    color: white;\n    border: 2px solid white;\n  }\n  \n  .cta-button-secondary:hover {\n    background: rgba(255,255,255,0.1);\n    transform: translateY(-2px);\n  }\n  \n  @media (max-width: 768px) {\n    .about-hero {\n      font-size: 22px;\n    }\n    \n    .about-section h2 {\n      font-size: 26px;\n    }\n    \n    .founder-card {\n      flex-direction: column;\n      text-align: center;\n    }\n    \n    .cta-section {\n      padding: 30px 20px;\n    }\n    \n    .cta-buttons {\n      flex-direction: column;\n    }\n    \n    .cta-button {\n      width: 100%;\n    }\n  }\n<\/style>\n\n<div class=\"about-container\">\n  \n  <!-- Hero Statement -->\n  <div class=\"about-hero\">\n    Tout a commenc\u00e9 par un probl\u00e8me simple, voire impossible : comment construire un empire m\u00e9diatique sur son temps libre, tout en occupant un emploi \u00e0 temps plein exigeant et en \u00e9levant quatre enfants ?\n  <\/div>\n  \n  <!-- The Founder Section -->\n  <div class=\"about-section\">\n    <h2>Le fondateur, le p\u00e8re, le ma\u00eetre du hip-hop<\/h2>\n    <p>Le jour, J\u00e9r\u00f4me est ing\u00e9nieur DevOps\/syst\u00e8mes senior dans une grande entreprise europ\u00e9enne. Son travail consiste \u00e0 concevoir et g\u00e9rer des infrastructures complexes et critiques. C&#039;est un univers o\u00f9 la pr\u00e9cision, la s\u00e9curit\u00e9 et les enjeux sont primordiaux.<\/p>\n    \n    <p>Apr\u00e8s le travail, il est p\u00e8re de quatre enfants. Un r\u00f4le qui exige une pr\u00e9cision, une s\u00e9curit\u00e9 et des enjeux encore plus importants, d&#039;un autre ordre.<\/p>\n    \n    <p>Et dans les quelques instants de temps libre entre-temps, il poursuivait une passion qui l&#039;animait depuis son adolescence\u00a0: <strong>culture hip-hop<\/strong>.<\/p>\n    \n    <p>Pas seulement la musique \u2014 m\u00eame s&#039;il en est fan depuis les ann\u00e9es 90 \u2014 mais tout l&#039;\u00e9cosyst\u00e8me. Les artistes, les histoires, la communaut\u00e9, la culture. J\u00e9r\u00f4me voulait cr\u00e9er une plateforme qui c\u00e9l\u00e8bre le hip-hop n\u00e9erlandais et lui offre la visibilit\u00e9 qu&#039;il m\u00e9rite.<\/p>\n    \n    <p>Il a donc lanc\u00e9 <strong><a href=\"https:\/\/houhetzout.nl\" target=\"_blank\" style=\"color: #7c3aed; text-decoration: none;\">HouHetZout.nl<\/a><\/strong>, un site d&#039;actualit\u00e9s en langue n\u00e9erlandaise consacr\u00e9 au hip-hop, \u00e0 la culture urbaine et \u00e0 tout ce qui s&#039;y rapporte. L&#039;id\u00e9e \u00e9tait claire. La mise en \u0153uvre\u00a0? C&#039;est l\u00e0 que le b\u00e2t blessait.<\/p>\n  <\/div>\n  \n  <!-- The Problem Section -->\n  <div class=\"about-section\">\n    <h2>Le probl\u00e8me : la passion se heurte \u00e0 la r\u00e9alit\u00e9<\/h2>\n    \n    <div class=\"quote-block\">\n      <p>\" Je consacrais chaque minute de mon temps libre \u00e0 la cr\u00e9ation manuelle de contenu. Rechercher des actualit\u00e9s, r\u00e9\u00e9crire des articles, les traduire, cr\u00e9er des publications pour les r\u00e9seaux sociaux, les publier sur WordPress\u2026 c\u2019\u00e9tait un travail manuel ext\u00e9nuant. Je passais 20 heures par semaine \u00e0 produire peut-\u00eatre 10 \u00e0 15 articles. Ce n\u2019\u00e9tait pas viable. J\u2019\u00e9tais au bord du burn-out et mon r\u00eave de cr\u00e9er une entreprise m\u00e9diatique s\u2019\u00e9loignait. \"<\/p>\n    <\/div>\n    \n    <p>Il savait qu&#039;il devait y avoir une meilleure solution. Son esprit d&#039;ing\u00e9nieur s&#039;est mis en marche. Les syst\u00e8mes qu&#039;il concevait dans le cadre de son travail \u00e9taient ax\u00e9s sur l&#039;automatisation, l&#039;efficacit\u00e9 et l&#039;\u00e9volutivit\u00e9. Pourquoi ces m\u00eames principes ne pourraient-ils pas s&#039;appliquer au contenu\u00a0?<\/p>\n    \n    <p>La question est devenue : <strong>Et si je pouvais construire une machine pour g\u00e9rer ma salle de r\u00e9daction \u00e0 ma place ?<\/strong><\/p>\n  <\/div>\n  \n  <!-- The Solution Section -->\n  <div class=\"about-section\">\n    <h2>La solution : construire la machine<\/h2>\n    <p>J\u00e9r\u00f4me ne voulait pas seulement automatiser une partie du processus. Il voulait automatiser <strong>tout<\/strong>. Il envisageait un syst\u00e8me unique et unifi\u00e9, un v\u00e9ritable <strong>plateforme d&#039;automatisation de contenu IA<\/strong>\u2014qui pourrait g\u00e9rer l&#039;int\u00e9gralit\u00e9 du flux de travail de bout en bout.<\/p>\n    \n    <p>Fort de son expertise en architecture syst\u00e8me et en int\u00e9gration d&#039;API, il s&#039;est mis au travail. Il a \u00e9tabli des liens\u00a0:<\/p>\n    \n    <div class=\"feature-list\">\n      <div class=\"feature-item\">\n        <strong>Sources de contenu<\/strong>\n        API provenant de m\u00e9dias d&#039;information, de blogs et de flux de r\u00e9seaux sociaux.\n      <\/div>\n      <div class=\"feature-item\">\n        <strong>Noyau d&#039;IA<\/strong>\n        Les derniers mod\u00e8les de langage \u00e0 grande \u00e9chelle (comme ceux d&#039;OpenAI) pour la r\u00e9\u00e9criture, le r\u00e9sum\u00e9 et la traduction.\n      <\/div>\n      <div class=\"feature-item\">\n        <strong>Flux d&#039;approbation<\/strong>\n        Un syst\u00e8me sur mesure utilisant Telegram et WhatsApp, lui permettant d&#039;approuver ou de refuser des articles depuis son t\u00e9l\u00e9phone en un seul clic.\n      <\/div>\n      <div class=\"feature-item\">\n        <strong>Moteur de publication<\/strong>\n        Int\u00e9grations avec WordPress, LinkedIn, Twitter et d&#039;autres plateformes.\n      <\/div>\n    <\/div>\n    \n    <p>Il l&#039;a appel\u00e9 <strong>Salle de pouls<\/strong>.<\/p>\n    \n    <p>Ce n&#039;\u00e9tait pas qu&#039;un simple outil\u00a0; c&#039;\u00e9tait une salle de r\u00e9daction enti\u00e8rement automatis\u00e9e, de bout en bout. Une machine con\u00e7ue pour r\u00e9soudre son propre probl\u00e8me insoluble.<\/p>\n  <\/div>\n  \n  <!-- The Proof Section -->\n  <div class=\"about-section\">\n    <h2>La preuve : des r\u00e9sultats concrets, sans intervention manuelle.<\/h2>\n    <p>Le moteur Pulseroom \u00e9tant en marche, J\u00e9r\u00f4me l&#039;a point\u00e9 vers HouHetZout.nl. Les r\u00e9sultats furent stup\u00e9fiants.<\/p>\n    \n    <div class=\"stats-grid\">\n      <div class=\"stat-card\">\n        <span class=\"stat-number\">552<\/span>\n        <span class=\"stat-label\">Articles publi\u00e9s<\/span>\n      <\/div>\n      <div class=\"stat-card\">\n        <span class=\"stat-number\">1,104<\/span>\n        <span class=\"stat-label\">Lecteurs atteints<\/span>\n      <\/div>\n      <div class=\"stat-card\">\n        <span class=\"stat-number\">0<\/span>\n        <span class=\"stat-label\">Heures de travail manuel<\/span>\n      <\/div>\n    <\/div>\n    \n    <p>Il est pass\u00e9 de 20 heures de travail manuel par semaine \u00e0 simplement cliquer sur \"\u00a0Approuver\u00a0\" sur son t\u00e9l\u00e9phone quelques fois par jour. Il avait r\u00e9ussi \u00e0 mettre en place une machine qui g\u00e9rait son entreprise m\u00e9diatique \u00e0 sa place.<\/p>\n    \n    <p>C\u2019est alors qu\u2019il a compris la v\u00e9rit\u00e9 : <strong>Le syst\u00e8me qu&#039;il avait mis en place pour sauver son propre r\u00eave \u00e9tait le produit final.<\/strong> Le v\u00e9ritable enjeu n&#039;\u00e9tait pas le site d&#039;actualit\u00e9s hip-hop, mais le moteur qui le faisait fonctionner.<\/p>\n    \n    <p style=\"font-size: 24px; font-weight: 700; color: #7c3aed; text-align: center; margin-top: 40px;\">Pulseroom.io \u00e9tait n\u00e9.<\/p>\n  <\/div>\n  \n  <!-- Mission Section -->\n  <div class=\"about-section\">\n    <h2>Notre mission : redonner du temps aux cr\u00e9ateurs<\/h2>\n    <p>Nous pensons que la cr\u00e9ation de contenu ne devrait pas \u00eatre un choix entre l&#039;ampleur et la s\u00e9r\u00e9nit\u00e9. Il ne devrait pas \u00eatre n\u00e9cessaire d&#039;embaucher une arm\u00e9e de r\u00e9dacteurs ni de travailler 80 heures par semaine pour b\u00e2tir une marque m\u00e9dia \u00e0 succ\u00e8s.<\/p>\n    \n    <p><strong>Notre mission est d&#039;offrir aux cr\u00e9ateurs, aux entreprises m\u00e9diatiques et aux agences la puissance d&#039;une salle de r\u00e9daction compl\u00e8te, sans les frais g\u00e9n\u00e9raux.<\/strong><\/p>\n    \n    <p>Nous y parvenons en fournissant un puissant <strong>plateforme d&#039;automatisation de contenu IA<\/strong> qui g\u00e8re :<\/p>\n    \n    <div class=\"feature-list\">\n      <div class=\"feature-item\">\n        <strong>Approvisionnement en contenu<\/strong>\n        \u00c0 partir de n&#039;importe quelle API, blog ou flux social.\n      <\/div>\n      <div class=\"feature-item\">\n        <strong>G\u00e9n\u00e9ration et r\u00e9\u00e9criture par IA<\/strong>\n        Cr\u00e9er du contenu unique et align\u00e9 sur la marque en quelques minutes.\n      <\/div>\n      <div class=\"feature-item\">\n        <strong>Traduction multilingue<\/strong>\n        Toucher un public mondial sans effort (nous avons commenc\u00e9 avec le n\u00e9erlandais et l&#039;anglais, nous prenons maintenant en charge plus de 6 langues).\n      <\/div>\n      <div class=\"feature-item\">\n        <strong>Approbation avec intervention humaine<\/strong>\n        Vous avez toujours le dernier mot, o\u00f9 que vous soyez.\n      <\/div>\n      <div class=\"feature-item\">\n        <strong>\u00c9dition multiplateforme<\/strong>\n        Publication en un clic sur WordPress, LinkedIn, X et plus encore.\n      <\/div>\n    <\/div>\n    \n    <p>Nous avons cr\u00e9\u00e9 Pulseroom pour r\u00e9soudre un probl\u00e8me qui nous semblait insoluble. Aujourd&#039;hui, nous le partageons avec le monde entier.<\/p>\n  <\/div>\n  \n  <!-- Founder Card -->\n  <div class=\"founder-card\">\n    <img decoding=\"async\" src=\"https:\/\/www.pulseroom.io\/wp-content\/uploads\/2025\/11\/jerome1.jpg\" width=\"500\" alt=\"Jerome Levy, Founder of Pulseroom.io\" class=\"founder-image\">\n    <div class=\"founder-info\">\n      <h3>Voici J\u00e9r\u00f4me Levy<\/h3>\n      <p><strong>Fondateur et architecte en chef de Pulseroom.io<\/strong><\/p>\n      <p>Fort de plus de 15 ans d&#039;exp\u00e9rience en tant qu&#039;ing\u00e9nieur syst\u00e8me senior au sein de grandes entreprises, J\u00e9r\u00f4me apporte une expertise pointue en automatisation, s\u00e9curit\u00e9 et infrastructures \u00e9volutives au monde de la cr\u00e9ation de contenu. Il est \u00e9galement le fondateur de ROTZ Media Services et de HouHetZout.nl. Lorsqu&#039;il ne travaille pas \u00e0 fa\u00e7onner l&#039;avenir des m\u00e9dias automatis\u00e9s, il profite de son temps libre avec sa femme et ses quatre enfants \u00e0 Amsterdam.<\/p>\n    <\/div>\n  <\/div>\n  \n  <!-- CTA Section -->\n  <div class=\"cta-section\">\n    <h3>Pr\u00eat \u00e0 faire \u00e9voluer votre contenu ?<\/h3>\n    <p style=\"color: rgba(255,255,255,0.95); font-size: 18px; margin-bottom: 30px;\">Si vous en avez assez des t\u00e2ches manuelles fastidieuses et que vous \u00eates pr\u00eat \u00e0 d\u00e9couvrir ce que la v\u00e9ritable automatisation du contenu peut apporter \u00e0 votre entreprise, nous vous invitons \u00e0 voir Pulseroom en action.<\/p>\n    <div class=\"cta-buttons\">\n      <a href=\"\/fr\/book-a-demo\/\" class=\"cta-button cta-button-primary\">R\u00e9servez une d\u00e9mo gratuite<\/a>\n      <a href=\"\/fr\/pricing\/\" class=\"cta-button cta-button-secondary\">Consultez nos tarifs<\/a>\n    <\/div>\n  <\/div>\n  \n<\/div>\t\t\t\t<\/div>\n\t\t\t\t<\/div>\n\t\t\t\t<\/div>","protected":false},"excerpt":{"rendered":"<p>A few words aboutour founder and company It all started with a simple, impossible problem: how do you build a media empire in your spare time,<span class=\"excerpt-hellip\"> [\u2026]<\/span><\/p>","protected":false},"author":1,"featured_media":0,"parent":0,"menu_order":0,"comment_status":"open","ping_status":"closed","template":"","meta":{"footnotes":""},"class_list":["post-8","page","type-page","status-publish","hentry"],"_links":{"self":[{"href":"https:\/\/www.pulseroom.io\/fr\/wp-json\/wp\/v2\/pages\/8","targetHints":{"allow":["GET"]}}],"collection":[{"href":"https:\/\/www.pulseroom.io\/fr\/wp-json\/wp\/v2\/pages"}],"about":[{"href":"https:\/\/www.pulseroom.io\/fr\/wp-json\/wp\/v2\/types\/page"}],"author":[{"embeddable":true,"href":"https:\/\/www.pulseroom.io\/fr\/wp-json\/wp\/v2\/users\/1"}],"replies":[{"embeddable":true,"href":"https:\/\/www.pulseroom.io\/fr\/wp-json\/wp\/v2\/comments?post=8"}],"version-history":[{"count":18,"href":"https:\/\/www.pulseroom.io\/fr\/wp-json\/wp\/v2\/pages\/8\/revisions"}],"predecessor-version":[{"id":319,"href":"https:\/\/www.pulseroom.io\/fr\/wp-json\/wp\/v2\/pages\/8\/revisions\/319"}],"wp:attachment":[{"href":"https:\/\/www.pulseroom.io\/fr\/wp-json\/wp\/v2\/media?parent=8"}],"curies":[{"name":"wp","href":"https:\/\/api.w.org\/{rel}","templated":true}]}}