{"id":8,"date":"2019-09-09T11:07:11","date_gmt":"2019-09-09T11:07:11","guid":{"rendered":"https:\/\/themes.muffingroup.com\/be\/hosting3\/?page_id=8"},"modified":"2025-11-10T22:36:54","modified_gmt":"2025-11-10T21:36:54","slug":"about-us","status":"publish","type":"page","link":"https:\/\/www.pulseroom.io\/es\/about-us\/","title":{"rendered":"Qui\u00e9nes somos"},"content":{"rendered":"<div data-elementor-type=\"wp-page\" data-elementor-id=\"8\" class=\"elementor elementor-8\" data-elementor-post-type=\"page\">\n\t\t\t\t\t\t<section class=\"elementor-section elementor-top-section elementor-element elementor-element-455d67c elementor-section-stretched elementor-section-boxed elementor-section-height-default elementor-section-height-default\" data-id=\"455d67c\" data-element_type=\"section\" data-settings=\"{&quot;stretch_section&quot;:&quot;section-stretched&quot;,&quot;background_background&quot;:&quot;classic&quot;}\">\n\t\t\t\t\t\t<div class=\"elementor-container elementor-column-gap-wider\">\n\t\t\t\t\t<div class=\"elementor-column elementor-col-100 elementor-top-column elementor-element elementor-element-2dff1bf\" data-id=\"2dff1bf\" data-element_type=\"column\">\n\t\t\t<div class=\"elementor-widget-wrap elementor-element-populated\">\n\t\t\t\t\t\t<section class=\"elementor-section elementor-inner-section elementor-element elementor-element-4156551 elementor-section-boxed elementor-section-height-default elementor-section-height-default\" data-id=\"4156551\" data-element_type=\"section\">\n\t\t\t\t\t\t<div class=\"elementor-container elementor-column-gap-default\">\n\t\t\t\t\t<div class=\"elementor-column elementor-col-100 elementor-inner-column elementor-element elementor-element-be685f7\" data-id=\"be685f7\" data-element_type=\"column\">\n\t\t\t<div class=\"elementor-widget-wrap elementor-element-populated\">\n\t\t\t\t\t\t<div class=\"elementor-element elementor-element-4df0585 elementor-widget elementor-widget-text-editor\" data-id=\"4df0585\" data-element_type=\"widget\" data-widget_type=\"text-editor.default\">\n\t\t\t\t\t\t\t\t\t<h1><span style=\"color: #ffffff;\">Unas palabras<\/span> <span class=\"themecolor\" style=\"border-bottom: 4px solid #d0098d;\">acerca de<br \/>Nuestro fundador y empresa<\/span><\/h1>\t\t\t\t\t\t\t\t<\/div>\n\t\t\t\t\t<\/div>\n\t\t<\/div>\n\t\t\t\t\t<\/div>\n\t\t<\/section>\n\t\t\t\t\t<\/div>\n\t\t<\/div>\n\t\t\t\t\t<\/div>\n\t\t<\/section>\n\t\t<div class=\"elementor-element elementor-element-6d799ad e-con-full e-flex e-con e-parent\" data-id=\"6d799ad\" data-element_type=\"container\">\n\t\t\t\t<div class=\"elementor-element elementor-element-ad226ca elementor-widget elementor-widget-html\" data-id=\"ad226ca\" data-element_type=\"widget\" data-widget_type=\"html.default\">\n\t\t\t\t\t<style>\n  .about-container {\n    max-width: 1200px;\n    margin: 0 auto;\n    padding: 40px 20px;\n    font-family: -apple-system, BlinkMacSystemFont, 'Segoe UI', Roboto, Oxygen, Ubuntu, Cantarell, sans-serif;\n    line-height: 1.8;\n    color: #333;\n  }\n  \n  .about-hero {\n    font-size: 28px;\n    font-weight: 700;\n    line-height: 1.4;\n    margin-bottom: 40px;\n    color: #1a1a1a;\n    border-left: 5px solid #7c3aed;\n    padding-left: 25px;\n    font-style: italic;\n  }\n  \n  .about-section {\n    margin-bottom: 50px;\n  }\n  \n  .about-section h2 {\n    font-size: 32px;\n    font-weight: 700;\n    margin-bottom: 20px;\n    color: #1a1a1a;\n    position: relative;\n    padding-bottom: 15px;\n  }\n  \n  .about-section h2:after {\n    content: '';\n    position: absolute;\n    bottom: 0;\n    left: 0;\n    width: 60px;\n    height: 4px;\n    background: linear-gradient(90deg, #7c3aed, #ec4899);\n    border-radius: 2px;\n  }\n  \n  .about-section p {\n    font-size: 18px;\n    margin-bottom: 20px;\n    color: #4a5568;\n  }\n  \n  .quote-block {\n    background: linear-gradient(135deg, #667eea 0%, #764ba2 100%);\n    color: white;\n    padding: 30px 40px;\n    border-radius: 12px;\n    margin: 40px 0;\n    font-size: 20px;\n    font-style: italic;\n    line-height: 1.6;\n    box-shadow: 0 10px 30px rgba(0,0,0,0.1);\n  }\n  \n  .quote-block p {\n    color: white;\n    margin: 0;\n  }\n  \n  .stats-grid {\n    display: grid;\n    grid-template-columns: repeat(auto-fit, minmax(250px, 1fr));\n    gap: 30px;\n    margin: 40px 0;\n  }\n  \n  .stat-card {\n    background: linear-gradient(135deg, #f5f7fa 0%, #c3cfe2 100%);\n    padding: 30px;\n    border-radius: 12px;\n    text-align: center;\n    box-shadow: 0 5px 15px rgba(0,0,0,0.08);\n    transition: transform 0.3s ease;\n  }\n  \n  .stat-card:hover {\n    transform: translateY(-5px);\n  }\n  \n  .stat-number {\n    font-size: 48px;\n    font-weight: 800;\n    color: #7c3aed;\n    margin-bottom: 10px;\n    display: block;\n  }\n  \n  .stat-label {\n    font-size: 16px;\n    color: #4a5568;\n    font-weight: 600;\n  }\n  \n  .feature-list {\n    display: grid;\n    grid-template-columns: repeat(auto-fit, minmax(280px, 1fr));\n    gap: 25px;\n    margin: 30px 0;\n  }\n  \n  .feature-item {\n    background: white;\n    padding: 25px;\n    border-radius: 10px;\n    border-left: 4px solid #7c3aed;\n    box-shadow: 0 3px 10px rgba(0,0,0,0.05);\n  }\n  \n  .feature-item strong {\n    color: #7c3aed;\n    font-size: 18px;\n    display: block;\n    margin-bottom: 8px;\n  }\n  \n  .founder-card {\n    background: linear-gradient(135deg, #667eea 0%, #764ba2 100%);\n    color: white;\n    padding: 40px;\n    border-radius: 15px;\n    margin: 40px 0;\n    display: flex;\n    align-items: center;\n    gap: 30px;\n    box-shadow: 0 15px 40px rgba(0,0,0,0.15);\n  }\n  \n  .founder-image {\n    width: 150px;\n    height: 150px;\n    border-radius: 50%;\n    border: 5px solid white;\n    object-fit: cover;\n    flex-shrink: 0;\n  }\n  \n  .founder-info h3 {\n    font-size: 28px;\n    margin-bottom: 10px;\n    color: white;\n  }\n  \n  .founder-info p {\n    color: rgba(255,255,255,0.95);\n    font-size: 16px;\n    line-height: 1.6;\n    margin: 0;\n  }\n  \n  .cta-section {\n    background: linear-gradient(135deg, #667eea 0%, #764ba2 100%);\n    padding: 50px;\n    border-radius: 15px;\n    text-align: center;\n    margin-top: 60px;\n    box-shadow: 0 15px 40px rgba(0,0,0,0.15);\n  }\n  \n  .cta-section h3 {\n    font-size: 32px;\n    color: white;\n    margin-bottom: 30px;\n  }\n  \n  .cta-buttons {\n    display: flex;\n    gap: 20px;\n    justify-content: center;\n    flex-wrap: wrap;\n  }\n  \n  .cta-button {\n    display: inline-block;\n    padding: 15px 40px;\n    font-size: 18px;\n    font-weight: 600;\n    text-decoration: none;\n    border-radius: 8px;\n    transition: all 0.3s ease;\n  }\n  \n  .cta-button-primary {\n    background: white;\n    color: #7c3aed;\n  }\n  \n  .cta-button-primary:hover {\n    background: #f5f5f5;\n    transform: translateY(-2px);\n    box-shadow: 0 5px 15px rgba(0,0,0,0.2);\n  }\n  \n  .cta-button-secondary {\n    background: transparent;\n    color: white;\n    border: 2px solid white;\n  }\n  \n  .cta-button-secondary:hover {\n    background: rgba(255,255,255,0.1);\n    transform: translateY(-2px);\n  }\n  \n  @media (max-width: 768px) {\n    .about-hero {\n      font-size: 22px;\n    }\n    \n    .about-section h2 {\n      font-size: 26px;\n    }\n    \n    .founder-card {\n      flex-direction: column;\n      text-align: center;\n    }\n    \n    .cta-section {\n      padding: 30px 20px;\n    }\n    \n    .cta-buttons {\n      flex-direction: column;\n    }\n    \n    .cta-button {\n      width: 100%;\n    }\n  }\n<\/style>\n\n<div class=\"about-container\">\n  \n  <!-- Hero Statement -->\n  <div class=\"about-hero\">\n    Todo comenz\u00f3 con un problema simple e imposible: \u00bfc\u00f3mo construir un imperio medi\u00e1tico en tu tiempo libre, mientras trabajas a tiempo completo en un empleo exigente y cr\u00edas a cuatro hijos?\n  <\/div>\n  \n  <!-- The Founder Section -->\n  <div class=\"about-section\">\n    <h2>El Fundador, El Padre, El L\u00edder del Hip-Hop<\/h2>\n    <p>Durante el d\u00eda, Jerome es ingeniero s\u00e9nior de Dev-Ops\/Sistemas en una importante empresa europea. Su trabajo consiste en construir y gestionar infraestructuras complejas y de misi\u00f3n cr\u00edtica. Es un mundo de precisi\u00f3n, seguridad y alto riesgo.<\/p>\n    \n    <p>Despu\u00e9s del trabajo, es padre de cuatro hijos. Un rol que exige un nivel diferente de precisi\u00f3n, seguridad y un riesgo a\u00fan mayor.<\/p>\n    \n    <p>Y en los instantes intermedios, persegu\u00eda una pasi\u00f3n que lo hab\u00eda acompa\u00f1ado desde su adolescencia: <strong>cultura hip-hop<\/strong>.<\/p>\n    \n    <p>No solo la m\u00fasica \u2014aunque es fan desde los 90\u2014, sino todo el ecosistema. Los artistas, las historias, la comunidad, la cultura. Jerome quer\u00eda crear una plataforma que celebrara el hip-hop holand\u00e9s y le diera la cobertura que merec\u00eda.<\/p>\n    \n    <p>As\u00ed que se lanz\u00f3 <strong><a href=\"https:\/\/houhetzout.nl\" target=\"_blank\" style=\"color: #7c3aed; text-decoration: none;\">HouHetZout.nl<\/a><\/strong>, un sitio de noticias en holand\u00e9s dedicado al hip-hop, la cultura urbana y todo lo dem\u00e1s. La visi\u00f3n era clara. \u00bfLa ejecuci\u00f3n? Ese era el problema.<\/p>\n  <\/div>\n  \n  <!-- The Problem Section -->\n  <div class=\"about-section\">\n    <h2>El problema: la pasi\u00f3n se encuentra con la realidad<\/h2>\n    \n    <div class=\"quote-block\">\n      <p>\"Dedicaba cada minuto libre a crear contenido manualmente. Buscar noticias, reescribir art\u00edculos, traducirlos, crear publicaciones en redes sociales, publicar en WordPress... era una cantidad de trabajo manual abrumadora. Dedicaba 20 horas a la semana a producir quiz\u00e1s entre 10 y 15 art\u00edculos. No era escalable. Estaba a punto de quemarme, y mi sue\u00f1o de crear una empresa de medios se desvanec\u00eda.\"<\/p>\n    <\/div>\n    \n    <p>Sab\u00eda que ten\u00eda que haber una mejor manera. Su cerebro de ingeniero se puso en marcha. Los sistemas que constru\u00eda en su trabajo diario se basaban en la automatizaci\u00f3n, la eficiencia y la escalabilidad. \u00bfPor qu\u00e9 no pod\u00edan aplicarse los mismos principios al contenido?<\/p>\n    \n    <p>La pregunta fue: <strong>\u00bfQu\u00e9 pasar\u00eda si pudiera construir una m\u00e1quina que manejara mi sala de redacci\u00f3n por m\u00ed?<\/strong><\/p>\n  <\/div>\n  \n  <!-- The Solution Section -->\n  <div class=\"about-section\">\n    <h2>La soluci\u00f3n: construir la m\u00e1quina<\/h2>\n    <p>Jerome no solo quer\u00eda automatizar una parte del proceso. Quer\u00eda automatizar <strong>todo<\/strong>. \u00c9l imagin\u00f3 un sistema \u00fanico y unificado: un verdadero <strong>Plataforma de automatizaci\u00f3n de contenido de IA<\/strong>\u2014que pudiera gestionar todo el flujo de trabajo de principio a fin.<\/p>\n    \n    <p>Utilizando su experiencia en arquitectura de sistemas e integraci\u00f3n de API, comenz\u00f3 a desarrollar. Conect\u00f3:<\/p>\n    \n    <div class=\"feature-list\">\n      <div class=\"feature-item\">\n        <strong>Fuentes de contenido<\/strong>\n        API de medios de comunicaci\u00f3n, blogs y canales de redes sociales.\n      <\/div>\n      <div class=\"feature-item\">\n        <strong>N\u00facleo de IA<\/strong>\n        Los \u00faltimos modelos de lenguaje grande (como los de OpenAI) para reescribir, resumir y traducir.\n      <\/div>\n      <div class=\"feature-item\">\n        <strong>Flujo de trabajo de aprobaci\u00f3n<\/strong>\n        Un sistema personalizado que utiliza Telegram y WhatsApp, que le permite aprobar o rechazar art\u00edculos desde su tel\u00e9fono con un solo toque.\n      <\/div>\n      <div class=\"feature-item\">\n        <strong>Motor de publicaci\u00f3n<\/strong>\n        Integraciones con WordPress, LinkedIn, Twitter y otras plataformas.\n      <\/div>\n    <\/div>\n    \n    <p>\u00c9l lo llam\u00f3 <strong>Sala de pulsos<\/strong>.<\/p>\n    \n    <p>No era solo una herramienta; era una sala de redacci\u00f3n completamente automatizada. Una m\u00e1quina dise\u00f1ada para resolver su propio problema imposible.<\/p>\n  <\/div>\n  \n  <!-- The Proof Section -->\n  <div class=\"about-section\">\n    <h2>La prueba: Resultados reales, cero trabajo manual<\/h2>\n    <p>Con el motor Pulseroom en marcha, Jerome lo dirigi\u00f3 a HouHetZout.nl. Los resultados fueron asombrosos.<\/p>\n    \n    <div class=\"stats-grid\">\n      <div class=\"stat-card\">\n        <span class=\"stat-number\">552<\/span>\n        <span class=\"stat-label\">Art\u00edculos publicados<\/span>\n      <\/div>\n      <div class=\"stat-card\">\n        <span class=\"stat-number\">1,104<\/span>\n        <span class=\"stat-label\">Lectores alcanzados<\/span>\n      <\/div>\n      <div class=\"stat-card\">\n        <span class=\"stat-number\">0<\/span>\n        <span class=\"stat-label\">Horas de trabajo manual<\/span>\n      <\/div>\n    <\/div>\n    \n    <p>Pas\u00f3 de trabajar 20 horas semanales a simplemente pulsar &quot;Aprobar&quot; en su tel\u00e9fono varias veces al d\u00eda. Hab\u00eda construido con \u00e9xito una m\u00e1quina que gestionaba su negocio de medios.<\/p>\n    \n    <p>Fue entonces cuando se dio cuenta de la verdad: <strong>El sistema que construy\u00f3 para salvar su propio sue\u00f1o fue el producto real.<\/strong> El verdadero negocio no era el sitio de noticias de hip-hop; era el motor que lo impulsaba.<\/p>\n    \n    <p style=\"font-size: 24px; font-weight: 700; color: #7c3aed; text-align: center; margin-top: 40px;\">Naci\u00f3 Pulseroom.io.<\/p>\n  <\/div>\n  \n  <!-- Mission Section -->\n  <div class=\"about-section\">\n    <h2>Nuestra misi\u00f3n: devolverles el tiempo a los creadores<\/h2>\n    <p>Creemos que la creaci\u00f3n de contenido no deber\u00eda ser una cuesti\u00f3n de escala y cordura. No deber\u00eda ser necesario contratar a un ej\u00e9rcito de escritores ni trabajar 80 horas semanales para construir una marca de medios exitosa.<\/p>\n    \n    <p><strong>Nuestra misi\u00f3n es brindarles a los creadores, empresas de medios y agencias el poder de una sala de redacci\u00f3n completa, sin los gastos generales.<\/strong><\/p>\n    \n    <p>Lo hacemos proporcionando un potente <strong>Plataforma de automatizaci\u00f3n de contenido de IA<\/strong> que maneja:<\/p>\n    \n    <div class=\"feature-list\">\n      <div class=\"feature-item\">\n        <strong>Abastecimiento de contenido<\/strong>\n        Desde cualquier API, blog o feed social.\n      <\/div>\n      <div class=\"feature-item\">\n        <strong>Generaci\u00f3n y reescritura de IA<\/strong>\n        Creando contenido \u00fanico y alineado con tu marca en minutos.\n      <\/div>\n      <div class=\"feature-item\">\n        <strong>Traducci\u00f3n multiling\u00fce<\/strong>\n        Llegamos a audiencias globales sin esfuerzo (comenzamos con holand\u00e9s e ingl\u00e9s, ahora admitimos m\u00e1s de 6 idiomas).\n      <\/div>\n      <div class=\"feature-item\">\n        <strong>Aprobaci\u00f3n humana en el circuito<\/strong>\n        Siempre tienes la \u00faltima palabra, desde cualquier lugar.\n      <\/div>\n      <div class=\"feature-item\">\n        <strong>Publicaci\u00f3n multiplataforma<\/strong>\n        Publicaci\u00f3n con un solo clic en WordPress, LinkedIn, X y m\u00e1s.\n      <\/div>\n    <\/div>\n    \n    <p>Creamos Pulseroom para resolver un problema imposible. Ahora, lo compartimos con el mundo.<\/p>\n  <\/div>\n  \n  <!-- Founder Card -->\n  <div class=\"founder-card\">\n    <img decoding=\"async\" src=\"https:\/\/www.pulseroom.io\/wp-content\/uploads\/2025\/11\/jerome1.jpg\" width=\"500\" alt=\"Jerome Levy, Founder of Pulseroom.io\" class=\"founder-image\">\n    <div class=\"founder-info\">\n      <h3>Conozca a Jerome Levy<\/h3>\n      <p><strong>Fundador y arquitecto jefe de Pulseroom.io<\/strong><\/p>\n      <p>Con m\u00e1s de 15 a\u00f1os de experiencia como ingeniero s\u00e9nior de sistemas para grandes empresas, Jerome aporta un profundo conocimiento de la automatizaci\u00f3n, la seguridad y la infraestructura escalable al mundo de la creaci\u00f3n de contenido. Tambi\u00e9n es el fundador de ROTZ Media Services y HouHetZout.nl. Cuando no est\u00e1 construyendo el futuro de los medios automatizados, pasa tiempo con su esposa y sus cuatro hijos en \u00c1msterdam.<\/p>\n    <\/div>\n  <\/div>\n  \n  <!-- CTA Section -->\n  <div class=\"cta-section\">\n    <h3>\u00bfEst\u00e1s listo para escalar tu contenido?<\/h3>\n    <p style=\"color: rgba(255,255,255,0.95); font-size: 18px; margin-bottom: 30px;\">Si est\u00e1 cansado del trabajo manual y est\u00e1 listo para ver lo que la verdadera automatizaci\u00f3n de contenido puede hacer por su negocio, lo invitamos a ver Pulseroom en acci\u00f3n.<\/p>\n    <div class=\"cta-buttons\">\n      <a href=\"\/es\/book-a-demo\/\" class=\"cta-button cta-button-primary\">Reserva una demostraci\u00f3n gratuita<\/a>\n      <a href=\"\/es\/pricing\/\" class=\"cta-button cta-button-secondary\">Vea nuestros precios<\/a>\n    <\/div>\n  <\/div>\n  \n<\/div>\t\t\t\t<\/div>\n\t\t\t\t<\/div>\n\t\t\t\t<\/div>","protected":false},"excerpt":{"rendered":"<p>A few words aboutour founder and company It all started with a simple, impossible problem: how do you build a media empire in your spare time,<span class=\"excerpt-hellip\"> [\u2026]<\/span><\/p>","protected":false},"author":1,"featured_media":0,"parent":0,"menu_order":0,"comment_status":"open","ping_status":"closed","template":"","meta":{"footnotes":""},"class_list":["post-8","page","type-page","status-publish","hentry"],"_links":{"self":[{"href":"https:\/\/www.pulseroom.io\/es\/wp-json\/wp\/v2\/pages\/8","targetHints":{"allow":["GET"]}}],"collection":[{"href":"https:\/\/www.pulseroom.io\/es\/wp-json\/wp\/v2\/pages"}],"about":[{"href":"https:\/\/www.pulseroom.io\/es\/wp-json\/wp\/v2\/types\/page"}],"author":[{"embeddable":true,"href":"https:\/\/www.pulseroom.io\/es\/wp-json\/wp\/v2\/users\/1"}],"replies":[{"embeddable":true,"href":"https:\/\/www.pulseroom.io\/es\/wp-json\/wp\/v2\/comments?post=8"}],"version-history":[{"count":18,"href":"https:\/\/www.pulseroom.io\/es\/wp-json\/wp\/v2\/pages\/8\/revisions"}],"predecessor-version":[{"id":319,"href":"https:\/\/www.pulseroom.io\/es\/wp-json\/wp\/v2\/pages\/8\/revisions\/319"}],"wp:attachment":[{"href":"https:\/\/www.pulseroom.io\/es\/wp-json\/wp\/v2\/media?parent=8"}],"curies":[{"name":"wp","href":"https:\/\/api.w.org\/{rel}","templated":true}]}}