{"id":8,"date":"2019-09-09T11:07:11","date_gmt":"2019-09-09T11:07:11","guid":{"rendered":"https:\/\/themes.muffingroup.com\/be\/hosting3\/?page_id=8"},"modified":"2025-11-10T22:36:54","modified_gmt":"2025-11-10T21:36:54","slug":"about-us","status":"publish","type":"page","link":"https:\/\/www.pulseroom.io\/de\/about-us\/","title":{"rendered":"\u00dcber uns"},"content":{"rendered":"<div data-elementor-type=\"wp-page\" data-elementor-id=\"8\" class=\"elementor elementor-8\" data-elementor-post-type=\"page\">\n\t\t\t\t\t\t<section class=\"elementor-section elementor-top-section elementor-element elementor-element-455d67c elementor-section-stretched elementor-section-boxed elementor-section-height-default elementor-section-height-default\" data-id=\"455d67c\" data-element_type=\"section\" data-settings=\"{&quot;stretch_section&quot;:&quot;section-stretched&quot;,&quot;background_background&quot;:&quot;classic&quot;}\">\n\t\t\t\t\t\t<div class=\"elementor-container elementor-column-gap-wider\">\n\t\t\t\t\t<div class=\"elementor-column elementor-col-100 elementor-top-column elementor-element elementor-element-2dff1bf\" data-id=\"2dff1bf\" data-element_type=\"column\">\n\t\t\t<div class=\"elementor-widget-wrap elementor-element-populated\">\n\t\t\t\t\t\t<section class=\"elementor-section elementor-inner-section elementor-element elementor-element-4156551 elementor-section-boxed elementor-section-height-default elementor-section-height-default\" data-id=\"4156551\" data-element_type=\"section\">\n\t\t\t\t\t\t<div class=\"elementor-container elementor-column-gap-default\">\n\t\t\t\t\t<div class=\"elementor-column elementor-col-100 elementor-inner-column elementor-element elementor-element-be685f7\" data-id=\"be685f7\" data-element_type=\"column\">\n\t\t\t<div class=\"elementor-widget-wrap elementor-element-populated\">\n\t\t\t\t\t\t<div class=\"elementor-element elementor-element-4df0585 elementor-widget elementor-widget-text-editor\" data-id=\"4df0585\" data-element_type=\"widget\" data-widget_type=\"text-editor.default\">\n\t\t\t\t\t\t\t\t\t<h1><span style=\"color: #ffffff;\">Ein paar Worte<\/span> <span class=\"themecolor\" style=\"border-bottom: 4px solid #d0098d;\">\u00fcber<br \/>unser Gr\u00fcnder und Unternehmen<\/span><\/h1>\t\t\t\t\t\t\t\t<\/div>\n\t\t\t\t\t<\/div>\n\t\t<\/div>\n\t\t\t\t\t<\/div>\n\t\t<\/section>\n\t\t\t\t\t<\/div>\n\t\t<\/div>\n\t\t\t\t\t<\/div>\n\t\t<\/section>\n\t\t<div class=\"elementor-element elementor-element-6d799ad e-con-full e-flex e-con e-parent\" data-id=\"6d799ad\" data-element_type=\"container\">\n\t\t\t\t<div class=\"elementor-element elementor-element-ad226ca elementor-widget elementor-widget-html\" data-id=\"ad226ca\" data-element_type=\"widget\" data-widget_type=\"html.default\">\n\t\t\t\t\t<style>\n  .about-container {\n    max-width: 1200px;\n    margin: 0 auto;\n    padding: 40px 20px;\n    font-family: -apple-system, BlinkMacSystemFont, 'Segoe UI', Roboto, Oxygen, Ubuntu, Cantarell, sans-serif;\n    line-height: 1.8;\n    color: #333;\n  }\n  \n  .about-hero {\n    font-size: 28px;\n    font-weight: 700;\n    line-height: 1.4;\n    margin-bottom: 40px;\n    color: #1a1a1a;\n    border-left: 5px solid #7c3aed;\n    padding-left: 25px;\n    font-style: italic;\n  }\n  \n  .about-section {\n    margin-bottom: 50px;\n  }\n  \n  .about-section h2 {\n    font-size: 32px;\n    font-weight: 700;\n    margin-bottom: 20px;\n    color: #1a1a1a;\n    position: relative;\n    padding-bottom: 15px;\n  }\n  \n  .about-section h2:after {\n    content: '';\n    position: absolute;\n    bottom: 0;\n    left: 0;\n    width: 60px;\n    height: 4px;\n    background: linear-gradient(90deg, #7c3aed, #ec4899);\n    border-radius: 2px;\n  }\n  \n  .about-section p {\n    font-size: 18px;\n    margin-bottom: 20px;\n    color: #4a5568;\n  }\n  \n  .quote-block {\n    background: linear-gradient(135deg, #667eea 0%, #764ba2 100%);\n    color: white;\n    padding: 30px 40px;\n    border-radius: 12px;\n    margin: 40px 0;\n    font-size: 20px;\n    font-style: italic;\n    line-height: 1.6;\n    box-shadow: 0 10px 30px rgba(0,0,0,0.1);\n  }\n  \n  .quote-block p {\n    color: white;\n    margin: 0;\n  }\n  \n  .stats-grid {\n    display: grid;\n    grid-template-columns: repeat(auto-fit, minmax(250px, 1fr));\n    gap: 30px;\n    margin: 40px 0;\n  }\n  \n  .stat-card {\n    background: linear-gradient(135deg, #f5f7fa 0%, #c3cfe2 100%);\n    padding: 30px;\n    border-radius: 12px;\n    text-align: center;\n    box-shadow: 0 5px 15px rgba(0,0,0,0.08);\n    transition: transform 0.3s ease;\n  }\n  \n  .stat-card:hover {\n    transform: translateY(-5px);\n  }\n  \n  .stat-number {\n    font-size: 48px;\n    font-weight: 800;\n    color: #7c3aed;\n    margin-bottom: 10px;\n    display: block;\n  }\n  \n  .stat-label {\n    font-size: 16px;\n    color: #4a5568;\n    font-weight: 600;\n  }\n  \n  .feature-list {\n    display: grid;\n    grid-template-columns: repeat(auto-fit, minmax(280px, 1fr));\n    gap: 25px;\n    margin: 30px 0;\n  }\n  \n  .feature-item {\n    background: white;\n    padding: 25px;\n    border-radius: 10px;\n    border-left: 4px solid #7c3aed;\n    box-shadow: 0 3px 10px rgba(0,0,0,0.05);\n  }\n  \n  .feature-item strong {\n    color: #7c3aed;\n    font-size: 18px;\n    display: block;\n    margin-bottom: 8px;\n  }\n  \n  .founder-card {\n    background: linear-gradient(135deg, #667eea 0%, #764ba2 100%);\n    color: white;\n    padding: 40px;\n    border-radius: 15px;\n    margin: 40px 0;\n    display: flex;\n    align-items: center;\n    gap: 30px;\n    box-shadow: 0 15px 40px rgba(0,0,0,0.15);\n  }\n  \n  .founder-image {\n    width: 150px;\n    height: 150px;\n    border-radius: 50%;\n    border: 5px solid white;\n    object-fit: cover;\n    flex-shrink: 0;\n  }\n  \n  .founder-info h3 {\n    font-size: 28px;\n    margin-bottom: 10px;\n    color: white;\n  }\n  \n  .founder-info p {\n    color: rgba(255,255,255,0.95);\n    font-size: 16px;\n    line-height: 1.6;\n    margin: 0;\n  }\n  \n  .cta-section {\n    background: linear-gradient(135deg, #667eea 0%, #764ba2 100%);\n    padding: 50px;\n    border-radius: 15px;\n    text-align: center;\n    margin-top: 60px;\n    box-shadow: 0 15px 40px rgba(0,0,0,0.15);\n  }\n  \n  .cta-section h3 {\n    font-size: 32px;\n    color: white;\n    margin-bottom: 30px;\n  }\n  \n  .cta-buttons {\n    display: flex;\n    gap: 20px;\n    justify-content: center;\n    flex-wrap: wrap;\n  }\n  \n  .cta-button {\n    display: inline-block;\n    padding: 15px 40px;\n    font-size: 18px;\n    font-weight: 600;\n    text-decoration: none;\n    border-radius: 8px;\n    transition: all 0.3s ease;\n  }\n  \n  .cta-button-primary {\n    background: white;\n    color: #7c3aed;\n  }\n  \n  .cta-button-primary:hover {\n    background: #f5f5f5;\n    transform: translateY(-2px);\n    box-shadow: 0 5px 15px rgba(0,0,0,0.2);\n  }\n  \n  .cta-button-secondary {\n    background: transparent;\n    color: white;\n    border: 2px solid white;\n  }\n  \n  .cta-button-secondary:hover {\n    background: rgba(255,255,255,0.1);\n    transform: translateY(-2px);\n  }\n  \n  @media (max-width: 768px) {\n    .about-hero {\n      font-size: 22px;\n    }\n    \n    .about-section h2 {\n      font-size: 26px;\n    }\n    \n    .founder-card {\n      flex-direction: column;\n      text-align: center;\n    }\n    \n    .cta-section {\n      padding: 30px 20px;\n    }\n    \n    .cta-buttons {\n      flex-direction: column;\n    }\n    \n    .cta-button {\n      width: 100%;\n    }\n  }\n<\/style>\n\n<div class=\"about-container\">\n  \n  <!-- Hero Statement -->\n  <div class=\"about-hero\">\n    Alles begann mit einem einfachen, unl\u00f6sbaren Problem: Wie kann man in seiner Freizeit ein Medienimperium aufbauen, w\u00e4hrend man gleichzeitig einen anspruchsvollen Vollzeitjob hat und vier Kinder gro\u00dfzieht?\n  <\/div>\n  \n  <!-- The Founder Section -->\n  <div class=\"about-section\">\n    <h2>Der Gr\u00fcnder, der Vater, der Hip-Hop-Chef<\/h2>\n    <p>Tags\u00fcber arbeitet Jerome als Senior DevOps\/Systemingenieur bei einem gro\u00dfen europ\u00e4ischen Unternehmen. Seine Aufgabe ist der Aufbau und die Verwaltung komplexer, gesch\u00e4ftskritischer Infrastrukturen. Es ist eine Welt, in der Pr\u00e4zision, Sicherheit und hohe Eins\u00e4tze unerl\u00e4sslich sind.<\/p>\n    \n    <p>Nach der Arbeit ist er Vater von vier Kindern. Eine Rolle, die eine andere Art von Pr\u00e4zision, Sicherheit und noch h\u00f6here Eins\u00e4tze erfordert.<\/p>\n    \n    <p>Und in der Zeit dazwischen ging er einer Leidenschaft nach, die ihn seit seiner Teenagerzeit begleitete: <strong>Hip-Hop-Kultur<\/strong>.<\/p>\n    \n    <p>Nicht nur die Musik - obwohl er seit den 90er Jahren ein Fan ist -, sondern das gesamte \u00d6kosystem. Die K\u00fcnstler, die Geschichten, die Gemeinschaft, die Kultur. Jerome wollte eine Plattform schaffen, die den niederl\u00e4ndischen Hip-Hop feiert und ihm die Aufmerksamkeit gibt, die er verdient.<\/p>\n    \n    <p>Also startete er <strong><a href=\"https:\/\/houhetzout.nl\" target=\"_blank\" style=\"color: #7c3aed; text-decoration: none;\">HouHetZout.nl<\/a><\/strong>, eine niederl\u00e4ndischsprachige Nachrichtenseite, die sich mit Hip-Hop, urbaner Kultur und allem, was dazwischen liegt, besch\u00e4ftigt. Die Vision war klar. Die Umsetzung? Das war das Problem.<\/p>\n  <\/div>\n  \n  <!-- The Problem Section -->\n  <div class=\"about-section\">\n    <h2>Das Problem: Leidenschaft trifft auf Realit\u00e4t<\/h2>\n    \n    <div class=\"quote-block\">\n      <p>\"Ich habe jede freie Minute damit verbracht, Inhalte manuell zu erstellen. Nachrichten finden, Artikel umschreiben, \u00fcbersetzen, Social-Media-Posts erstellen, in WordPress ver\u00f6ffentlichen ... das war eine erdr\u00fcckende Menge an manueller Arbeit. Ich verbrachte 20 Stunden pro Woche damit, vielleicht 10-15 Artikel zu produzieren. Das war nicht skalierbar. Ich steuerte geradewegs auf ein Burnout zu, und mein Traum vom Aufbau eines Medienunternehmens war in weite Ferne ger\u00fcckt.\"<\/p>\n    <\/div>\n    \n    <p>Er wusste, dass es einen besseren Weg geben musste. Sein Ingenieurgehirn kam zum Einsatz. Bei den Systemen, die er in seinem Beruf baute, ging es um Automatisierung, Effizienz und Skalierung. Warum konnten die gleichen Prinzipien nicht auch f\u00fcr Inhalte gelten?<\/p>\n    \n    <p>Die Frage war: <strong>Was w\u00e4re, wenn ich eine Maschine bauen k\u00f6nnte, die meine Nachrichtenredaktion f\u00fcr mich betreibt?<\/strong><\/p>\n  <\/div>\n  \n  <!-- The Solution Section -->\n  <div class=\"about-section\">\n    <h2>Die L\u00f6sung: Bau der Maschine<\/h2>\n    <p>Jerome wollte nicht nur einen Teil des Prozesses automatisieren. Er wollte automatisieren <strong>alles<\/strong>. Ihm schwebte ein einziges, vereinheitlichtes System vor - ein echtes <strong>KI-Plattform zur Automatisierung von Inhalten<\/strong>-die den gesamten Arbeitsablauf von Anfang bis Ende abwickeln kann.<\/p>\n    \n    <p>Er nutzte sein Fachwissen in den Bereichen Systemarchitektur und API-Integration und begann mit dem Aufbau. Er stellte die Verbindung her:<\/p>\n    \n    <div class=\"feature-list\">\n      <div class=\"feature-item\">\n        <strong>Quellen f\u00fcr den Inhalt<\/strong>\n        APIs von Nachrichtenagenturen, Blogs und Social Media Feeds.\n      <\/div>\n      <div class=\"feature-item\">\n        <strong>AI-Kern<\/strong>\n        Die neuesten gro\u00dfen Sprachmodelle (z. B. von OpenAI) zum Umschreiben, Zusammenfassen und \u00dcbersetzen.\n      <\/div>\n      <div class=\"feature-item\">\n        <strong>Genehmigungs-Workflow<\/strong>\n        Ein speziell entwickeltes System, das Telegram und WhatsApp nutzt und es ihm erm\u00f6glicht, Artikel mit einem einzigen Fingertipp von seinem Telefon aus zu genehmigen oder abzulehnen.\n      <\/div>\n      <div class=\"feature-item\">\n        <strong>Publishing Engine<\/strong>\n        Integrationen mit WordPress, LinkedIn, Twitter und anderen Plattformen.\n      <\/div>\n    <\/div>\n    \n    <p>Er nannte es <strong>Pulsraum<\/strong>.<\/p>\n    \n    <p>Es war nicht nur ein Werkzeug, sondern ein vollautomatischer, durchg\u00e4ngiger Newsroom. Eine Maschine, die gebaut wurde, um sein eigenes unm\u00f6gliches Problem zu l\u00f6sen.<\/p>\n  <\/div>\n  \n  <!-- The Proof Section -->\n  <div class=\"about-section\">\n    <h2>Der Beweis: Echte Ergebnisse, keine manuelle Arbeit<\/h2>\n    <p>Als der Pulseroom-Motor lief, richtete Jerome ihn auf HouHetZout.nl. Die Ergebnisse waren verbl\u00fcffend.<\/p>\n    \n    <div class=\"stats-grid\">\n      <div class=\"stat-card\">\n        <span class=\"stat-number\">552<\/span>\n        <span class=\"stat-label\">Ver\u00f6ffentlichte Artikel<\/span>\n      <\/div>\n      <div class=\"stat-card\">\n        <span class=\"stat-number\">1,104<\/span>\n        <span class=\"stat-label\">Erreichte Leser<\/span>\n      <\/div>\n      <div class=\"stat-card\">\n        <span class=\"stat-number\">0<\/span>\n        <span class=\"stat-label\">Stunden der manuellen Arbeit<\/span>\n      <\/div>\n    <\/div>\n    \n    <p>Statt 20 Stunden pro Woche manuelle Arbeit zu verrichten, tippte er einfach ein paar Mal am Tag auf \"Genehmigen\" auf seinem Telefon. Er hatte erfolgreich eine Maschine gebaut, die sein Mediengesch\u00e4ft f\u00fcr ihn erledigte.<\/p>\n    \n    <p>In diesem Moment erkannte er die Wahrheit: <strong>Das System, das er gebaut hat, um seinen eigenen Traum zu retten, war das eigentliche Produkt.<\/strong> Das eigentliche Gesch\u00e4ft war nicht die Hip-Hop-Nachrichtenseite, sondern der Motor, der sie antrieb.<\/p>\n    \n    <p style=\"font-size: 24px; font-weight: 700; color: #7c3aed; text-align: center; margin-top: 40px;\">Pulseroom.io war geboren.<\/p>\n  <\/div>\n  \n  <!-- Mission Section -->\n  <div class=\"about-section\">\n    <h2>Unser Auftrag: Sch\u00f6pfern ihre Zeit zur\u00fcckgeben<\/h2>\n    <p>Wir sind der Meinung, dass die Erstellung von Inhalten keine Entscheidung zwischen Umfang und Vernunft sein sollte. Sie sollten keine Armee von Autoren einstellen oder 80 Stunden pro Woche arbeiten m\u00fcssen, um eine erfolgreiche Medienmarke aufzubauen.<\/p>\n    \n    <p><strong>Wir haben es uns zur Aufgabe gemacht, Kreativen, Medienunternehmen und Agenturen die M\u00f6glichkeiten einer gro\u00dfen Nachrichtenredaktion zu bieten, ohne dass diese mit Kosten verbunden sind.<\/strong><\/p>\n    \n    <p>Wir tun dies, indem wir eine leistungsstarke <strong>KI-Plattform zur Automatisierung von Inhalten<\/strong> die behandelt:<\/p>\n    \n    <div class=\"feature-list\">\n      <div class=\"feature-item\">\n        <strong>Beschaffung von Inhalten<\/strong>\n        Von jeder API, jedem Blog und jedem sozialen Feed.\n      <\/div>\n      <div class=\"feature-item\">\n        <strong>AI-Generierung und -Umschreibung<\/strong>\n        Erstellung einzigartiger, auf die Marke abgestimmter Inhalte in wenigen Minuten.\n      <\/div>\n      <div class=\"feature-item\">\n        <strong>Mehrsprachige \u00dcbersetzung<\/strong>\n        Erreichen Sie m\u00fchelos ein globales Publikum (wir begannen mit Niederl\u00e4ndisch und Englisch, jetzt unterst\u00fctzen wir mehr als 6 Sprachen).\n      <\/div>\n      <div class=\"feature-item\">\n        <strong>Human-in-the-Loop-Zulassung<\/strong>\n        Sie haben immer das letzte Wort, egal von wo aus.\n      <\/div>\n      <div class=\"feature-item\">\n        <strong>Ver\u00f6ffentlichung auf mehreren Plattformen<\/strong>\n        Ver\u00f6ffentlichung auf WordPress, LinkedIn, X und mehr mit einem Klick.\n      <\/div>\n    <\/div>\n    \n    <p>Wir haben Pulseroom gebaut, um ein unm\u00f6gliches Problem f\u00fcr uns selbst zu l\u00f6sen. Jetzt teilen wir es mit der ganzen Welt.<\/p>\n  <\/div>\n  \n  <!-- Founder Card -->\n  <div class=\"founder-card\">\n    <img decoding=\"async\" src=\"https:\/\/www.pulseroom.io\/wp-content\/uploads\/2025\/11\/jerome1.jpg\" width=\"500\" alt=\"Jerome Levy, Founder of Pulseroom.io\" class=\"founder-image\">\n    <div class=\"founder-info\">\n      <h3>Treffen Sie Jerome Levy<\/h3>\n      <p><strong>Gr\u00fcnder &amp; Chefarchitekt von Pulseroom.io<\/strong><\/p>\n      <p>Mit mehr als 15 Jahren Erfahrung als leitender Systemingenieur f\u00fcr gro\u00dfe Unternehmen bringt Jerome ein tiefes Verst\u00e4ndnis f\u00fcr Automatisierung, Sicherheit und skalierbare Infrastrukturen in die Welt der Inhaltserstellung ein. Er ist auch der Gr\u00fcnder von ROTZ Media Services und HouHetZout.nl. Wenn er nicht gerade an der Zukunft der automatisierten Medien arbeitet, verbringt er seine Zeit mit seiner Frau und seinen vier Kindern in Amsterdam.<\/p>\n    <\/div>\n  <\/div>\n  \n  <!-- CTA Section -->\n  <div class=\"cta-section\">\n    <h3>Sind Sie bereit, Ihre Inhalte zu skalieren?<\/h3>\n    <p style=\"color: rgba(255,255,255,0.95); font-size: 18px; margin-bottom: 30px;\">Wenn Sie der manuellen Arbeit \u00fcberdr\u00fcssig sind und sehen m\u00f6chten, was eine echte Inhaltsautomatisierung f\u00fcr Ihr Unternehmen leisten kann, laden wir Sie ein, Pulseroom in Aktion zu erleben.<\/p>\n    <div class=\"cta-buttons\">\n      <a href=\"\/de\/book-a-demo\/\" class=\"cta-button cta-button-primary\">Buchen Sie eine kostenlose Demo<\/a>\n      <a href=\"\/de\/pricing\/\" class=\"cta-button cta-button-secondary\">Siehe unsere Preisgestaltung<\/a>\n    <\/div>\n  <\/div>\n  \n<\/div>\t\t\t\t<\/div>\n\t\t\t\t<\/div>\n\t\t\t\t<\/div>","protected":false},"excerpt":{"rendered":"<p>A few words aboutour founder and company It all started with a simple, impossible problem: how do you build a media empire in your spare time,<span class=\"excerpt-hellip\"> [\u2026]<\/span><\/p>","protected":false},"author":1,"featured_media":0,"parent":0,"menu_order":0,"comment_status":"open","ping_status":"closed","template":"","meta":{"footnotes":""},"class_list":["post-8","page","type-page","status-publish","hentry"],"_links":{"self":[{"href":"https:\/\/www.pulseroom.io\/de\/wp-json\/wp\/v2\/pages\/8","targetHints":{"allow":["GET"]}}],"collection":[{"href":"https:\/\/www.pulseroom.io\/de\/wp-json\/wp\/v2\/pages"}],"about":[{"href":"https:\/\/www.pulseroom.io\/de\/wp-json\/wp\/v2\/types\/page"}],"author":[{"embeddable":true,"href":"https:\/\/www.pulseroom.io\/de\/wp-json\/wp\/v2\/users\/1"}],"replies":[{"embeddable":true,"href":"https:\/\/www.pulseroom.io\/de\/wp-json\/wp\/v2\/comments?post=8"}],"version-history":[{"count":18,"href":"https:\/\/www.pulseroom.io\/de\/wp-json\/wp\/v2\/pages\/8\/revisions"}],"predecessor-version":[{"id":319,"href":"https:\/\/www.pulseroom.io\/de\/wp-json\/wp\/v2\/pages\/8\/revisions\/319"}],"wp:attachment":[{"href":"https:\/\/www.pulseroom.io\/de\/wp-json\/wp\/v2\/media?parent=8"}],"curies":[{"name":"wp","href":"https:\/\/api.w.org\/{rel}","templated":true}]}}